{"id":154,"date":"2024-04-16T02:37:11","date_gmt":"2024-04-16T02:37:11","guid":{"rendered":"https:\/\/demo.bravisthemes.com\/herrington\/?page_id=154"},"modified":"2026-03-05T16:34:17","modified_gmt":"2026-03-05T16:34:17","slug":"noticias","status":"publish","type":"page","link":"https:\/\/tradeintr.com\/en\/noticias\/","title":{"rendered":"News"},"content":{"rendered":"\t\t<div data-elementor-type=\"wp-page\" data-elementor-id=\"154\" class=\"elementor elementor-154\" data-elementor-post-type=\"page\">\n\t\t\t\t        <section class=\"elementor-section elementor-top-section elementor-element elementor-element-33413c9 elementor-section-stretched elementor-section-boxed elementor-section-height-default elementor-section-height-default pxl-row-scroll-none pxl-zoom-point-false pxl-section-overflow-visible\" data-id=\"33413c9\" data-element_type=\"section\" data-e-type=\"section\" data-settings=\"{&quot;stretch_section&quot;:&quot;section-stretched&quot;}\">\n\n                \n                <div class=\"elementor-container elementor-column-gap-extended \">\n                <div class=\"elementor-column elementor-col-100 elementor-top-column elementor-element elementor-element-6dbe26e pxl-column-none pxl-column-overflow-hidden-no\" data-id=\"6dbe26e\" data-element_type=\"column\" data-e-type=\"column\">\r\n        <div class=\"elementor-widget-wrap elementor-element-populated\">\r\n                     \r\n        \t\t<div class=\"elementor-element elementor-element-334ee62 pxl-post-layout-post-1 elementor-widget elementor-widget-pxl_post_grid\" data-id=\"334ee62\" data-element_type=\"widget\" data-e-type=\"widget\" data-widget_type=\"pxl_post_grid.default\">\n\t\t\t\t<div class=\"elementor-widget-container\">\n\t\t\t\t\t\n<div id=\"pxl_post_grid-334ee62-2710\" class=\"pxl-grid pxl-blog-grid pxl-blog-grid-layout1 pxl-blog-style1\" data-start-page=\"1\" data-max-pages=\"2\" data-total=\"7\" data-perpage=\"6\" data-next-link=\"https:\/\/tradeintr.com\/en\/wp-json\/wp\/v2\/pages\/154\/page\/2\/\" data-loadmore=\"{&quot;tax&quot;:[&quot;category&quot;],&quot;post_type&quot;:&quot;post&quot;,&quot;layout&quot;:&quot;post-1&quot;,&quot;startPage&quot;:1,&quot;maxPages&quot;:2,&quot;total&quot;:7,&quot;filter&quot;:&quot;false&quot;,&quot;filter_type&quot;:&quot;normal&quot;,&quot;perpage&quot;:&quot;6&quot;,&quot;nextLink&quot;:&quot;https:\\\/\\\/tradeintr.com\\\/en\\\/wp-json\\\/wp\\\/v2\\\/pages\\\/154\\\/page\\\/2\\\/&quot;,&quot;source&quot;:&quot;&quot;,&quot;orderby&quot;:&quot;date&quot;,&quot;order&quot;:&quot;desc&quot;,&quot;limit&quot;:&quot;6&quot;,&quot;post_ids&quot;:[],&quot;col_xl&quot;:4,&quot;col_lg&quot;:6,&quot;col_md&quot;:6,&quot;col_sm&quot;:12,&quot;col_xs&quot;:12,&quot;pagination_type&quot;:&quot;pagination&quot;,&quot;show_date&quot;:&quot;true&quot;,&quot;show_category&quot;:&quot;&quot;,&quot;show_author&quot;:&quot;&quot;,&quot;num_words&quot;:15,&quot;show_button&quot;:&quot;true&quot;,&quot;show_excerpt&quot;:&quot;true&quot;,&quot;button_text&quot;:&quot;Ler mais&quot;,&quot;img_size&quot;:&quot;&quot;,&quot;grid_masonry&quot;:&quot;&quot;,&quot;pxl_animate&quot;:&quot;wow skewInRight&quot;}\" data-layout=\"masonry\">\n    \n    <div class=\"pxl-grid-inner pxl-grid-masonry row\" data-gutter=\"15\">\n        <div class=\"grid-sizer col-xl-4 col-lg-6 col-md-6 col-sm-12 col-12\"><\/div>\n                    <div class=\"pxl-grid-item col-xl-4 col-lg-6 col-md-6 col-sm-12 col-12 corporate\">\n                <div class=\"pxl-post--inner wow skewInRight\" data-wow-duration=\"1.2s\">\n                                        <div class=\"pxl-post--meta pxl-flex-middle\">\n                        \n                                                    <div class=\"post-date\">\n                                17 March 2026                            <\/div>\n                        \n                    <\/div>\n                    <div class=\"pxl-post--featured hover-imge-effect2\">\n                        <a href=\"https:\/\/tradeintr.com\/en\/tradinter-reforca-presenca-estrategica-com-nova-sede-na-baixa-de-luanda\/\">\n                            <img fetchpriority=\"high\" decoding=\"async\" class=\"\" src=\"https:\/\/tradeintr.com\/wp-content\/uploads\/2026\/03\/ID5feb5600-0000-0500-0000-000002c05eef-370x418.jpg\" width=\"370\" height=\"418\" alt=\"Tradinter refor\u00e7a presen\u00e7a estrat\u00e9gica com nova sede na Baixa de Luanda\" title=\"Tradinter refor\u00e7a presen\u00e7a estrat\u00e9gica com nova sede na Baixa de Luanda\" \/>                        <\/a>\n                        \n                    <\/div>\n                \n\n                <h3 class=\"pxl-post--title title-hover-line\"><a href=\"https:\/\/tradeintr.com\/en\/tradinter-reforca-presenca-estrategica-com-nova-sede-na-baixa-de-luanda\/\">Tradinter refor\u00e7a presen\u00e7a estrat\u00e9gica com nova sede na baixa de Luanda<\/a><\/h3>\n                                    <div class=\"pxl-post--content\">\n                                                    O acto contou com a presen\u00e7a do nosso Executive Chairman, Br\u00e1ulio de Brito, e do&hellip;                                            <\/div>\n                                                    <div class=\"pxl-post--button\">\n                        <a class=\"btn--readmore\" href=\"https:\/\/tradeintr.com\/en\/tradinter-reforca-presenca-estrategica-com-nova-sede-na-baixa-de-luanda\/\">\n                            <span class=\"btn--text\">\n                                Ler mais                            <\/span>\n                            <svg xmlns=\"http:\/\/www.w3.org\/2000\/svg\" xmlns:xlink=\"http:\/\/www.w3.org\/1999\/xlink\" width=\"36\" x=\"0\" y=\"0\" viewBox=\"0 0 1560 1560\" style=\"enable-background:new 0 0 512 512\" xml:space=\"preserve\" class=\"\"><g transform=\"matrix(1,0,0,1,4.999999999999545,4.547473508864641e-13)\"><path d=\"M1524 811.8H36c-17.7 0-32-14.3-32-32s14.3-32 32-32h1410.7l-194.2-194.2c-12.5-12.5-12.5-32.8 0-45.3s32.8-12.5 45.3 0l248.9 248.9c9.2 9.2 11.9 22.9 6.9 34.9-5 11.9-16.7 19.7-29.6 19.7z\" fill=\"#0a1119\" opacity=\"1\" data-original=\"#000000\"><\/path><path d=\"M1274.8 1061c-8.2 0-16.4-3.1-22.6-9.4-12.5-12.5-12.5-32.8 0-45.3l249.2-249.2c12.5-12.5 32.8-12.5 45.3 0s12.5 32.8 0 45.3l-249.2 249.2c-6.3 6.3-14.5 9.4-22.7 9.4z\" fill=\"#0a1119\" opacity=\"1\" data-original=\"#000000\"><\/path><\/g><\/svg>\n                        <\/a>\n                    <\/div>\n                            <\/div>\n        <\/div>\n                    <div class=\"pxl-grid-item col-xl-4 col-lg-6 col-md-6 col-sm-12 col-12 corporate\">\n                <div class=\"pxl-post--inner wow skewInRight\" data-wow-duration=\"1.2s\">\n                                        <div class=\"pxl-post--meta pxl-flex-middle\">\n                        \n                                                    <div class=\"post-date\">\n                                28 November 2025                            <\/div>\n                        \n                    <\/div>\n                    <div class=\"pxl-post--featured hover-imge-effect2\">\n                        <a href=\"https:\/\/tradeintr.com\/en\/tradinter-conclui-o-processo-de-limpeza-decapagem-e-pintura-do-tanque-105-da-pumangol-2\/\">\n                            <img decoding=\"async\" class=\"\" src=\"https:\/\/tradeintr.com\/wp-content\/uploads\/2025\/11\/Capa-Filda-scaled-370x418.jpg\" width=\"370\" height=\"418\" alt=\"Capa Filda\" title=\"Capa Filda\" \/>                        <\/a>\n                        \n                    <\/div>\n                \n\n                <h3 class=\"pxl-post--title title-hover-line\"><a href=\"https:\/\/tradeintr.com\/en\/tradinter-conclui-o-processo-de-limpeza-decapagem-e-pintura-do-tanque-105-da-pumangol-2\/\">Tradinter participa na FILDA pelo 3\u00ba ano consecutivo.<\/a><\/h3>\n                                    <div class=\"pxl-post--content\">\n                                                    O acto contou com a presen\u00e7a do nosso Executive Chairman, Br\u00e1ulio de Brito, e do&hellip;                                            <\/div>\n                                                    <div class=\"pxl-post--button\">\n                        <a class=\"btn--readmore\" href=\"https:\/\/tradeintr.com\/en\/tradinter-conclui-o-processo-de-limpeza-decapagem-e-pintura-do-tanque-105-da-pumangol-2\/\">\n                            <span class=\"btn--text\">\n                                Ler mais                            <\/span>\n                            <svg xmlns=\"http:\/\/www.w3.org\/2000\/svg\" xmlns:xlink=\"http:\/\/www.w3.org\/1999\/xlink\" width=\"36\" x=\"0\" y=\"0\" viewBox=\"0 0 1560 1560\" style=\"enable-background:new 0 0 512 512\" xml:space=\"preserve\" class=\"\"><g transform=\"matrix(1,0,0,1,4.999999999999545,4.547473508864641e-13)\"><path d=\"M1524 811.8H36c-17.7 0-32-14.3-32-32s14.3-32 32-32h1410.7l-194.2-194.2c-12.5-12.5-12.5-32.8 0-45.3s32.8-12.5 45.3 0l248.9 248.9c9.2 9.2 11.9 22.9 6.9 34.9-5 11.9-16.7 19.7-29.6 19.7z\" fill=\"#0a1119\" opacity=\"1\" data-original=\"#000000\"><\/path><path d=\"M1274.8 1061c-8.2 0-16.4-3.1-22.6-9.4-12.5-12.5-12.5-32.8 0-45.3l249.2-249.2c12.5-12.5 32.8-12.5 45.3 0s12.5 32.8 0 45.3l-249.2 249.2c-6.3 6.3-14.5 9.4-22.7 9.4z\" fill=\"#0a1119\" opacity=\"1\" data-original=\"#000000\"><\/path><\/g><\/svg>\n                        <\/a>\n                    <\/div>\n                            <\/div>\n        <\/div>\n                    <div class=\"pxl-grid-item col-xl-4 col-lg-6 col-md-6 col-sm-12 col-12 corporate\">\n                <div class=\"pxl-post--inner wow skewInRight\" data-wow-duration=\"1.2s\">\n                                        <div class=\"pxl-post--meta pxl-flex-middle\">\n                        \n                                                    <div class=\"post-date\">\n                                23 October 2025                            <\/div>\n                        \n                    <\/div>\n                    <div class=\"pxl-post--featured hover-imge-effect2\">\n                        <a href=\"https:\/\/tradeintr.com\/en\/tradinter-conclui-o-processo-de-limpeza-decapagem-e-pintura-do-tanque-105-da-pumangol\/\">\n                            <img decoding=\"async\" class=\"\" src=\"https:\/\/tradeintr.com\/wp-content\/uploads\/2025\/10\/WhatsApp-Image-2026-01-07-at-14.06.55-370x418.png\" width=\"370\" height=\"418\" alt=\"WhatsApp Image 2026-01-07 at 14.06.55\" title=\"WhatsApp Image 2026-01-07 at 14.06.55\" \/>                        <\/a>\n                        \n                    <\/div>\n                \n\n                <h3 class=\"pxl-post--title title-hover-line\"><a href=\"https:\/\/tradeintr.com\/en\/tradinter-conclui-o-processo-de-limpeza-decapagem-e-pintura-do-tanque-105-da-pumangol\/\">Tradinter conclui o processo de limpeza, decapagem e pintura do tanque 105 da Pumangol<\/a><\/h3>\n                                    <div class=\"pxl-post--content\">\n                                                    O acto contou com a presen\u00e7a do nosso Executive Chairman, Br\u00e1ulio de Brito, e do&hellip;                                            <\/div>\n                                                    <div class=\"pxl-post--button\">\n                        <a class=\"btn--readmore\" href=\"https:\/\/tradeintr.com\/en\/tradinter-conclui-o-processo-de-limpeza-decapagem-e-pintura-do-tanque-105-da-pumangol\/\">\n                            <span class=\"btn--text\">\n                                Ler mais                            <\/span>\n                            <svg xmlns=\"http:\/\/www.w3.org\/2000\/svg\" xmlns:xlink=\"http:\/\/www.w3.org\/1999\/xlink\" width=\"36\" x=\"0\" y=\"0\" viewBox=\"0 0 1560 1560\" style=\"enable-background:new 0 0 512 512\" xml:space=\"preserve\" class=\"\"><g transform=\"matrix(1,0,0,1,4.999999999999545,4.547473508864641e-13)\"><path d=\"M1524 811.8H36c-17.7 0-32-14.3-32-32s14.3-32 32-32h1410.7l-194.2-194.2c-12.5-12.5-12.5-32.8 0-45.3s32.8-12.5 45.3 0l248.9 248.9c9.2 9.2 11.9 22.9 6.9 34.9-5 11.9-16.7 19.7-29.6 19.7z\" fill=\"#0a1119\" opacity=\"1\" data-original=\"#000000\"><\/path><path d=\"M1274.8 1061c-8.2 0-16.4-3.1-22.6-9.4-12.5-12.5-12.5-32.8 0-45.3l249.2-249.2c12.5-12.5 32.8-12.5 45.3 0s12.5 32.8 0 45.3l-249.2 249.2c-6.3 6.3-14.5 9.4-22.7 9.4z\" fill=\"#0a1119\" opacity=\"1\" data-original=\"#000000\"><\/path><\/g><\/svg>\n                        <\/a>\n                    <\/div>\n                            <\/div>\n        <\/div>\n                    <div class=\"pxl-grid-item col-xl-4 col-lg-6 col-md-6 col-sm-12 col-12 corporate\">\n                <div class=\"pxl-post--inner wow skewInRight\" data-wow-duration=\"1.2s\">\n                                        <div class=\"pxl-post--meta pxl-flex-middle\">\n                        \n                                                    <div class=\"post-date\">\n                                23 October 2025                            <\/div>\n                        \n                    <\/div>\n                    <div class=\"pxl-post--featured hover-imge-effect2\">\n                        <a href=\"https:\/\/tradeintr.com\/en\/tradinter-marca-presenca-no-angotic-2025-o-maior-forum-de-tecnologia-de-angola\/\">\n                            <img loading=\"lazy\" decoding=\"async\" class=\"\" src=\"https:\/\/tradeintr.com\/wp-content\/uploads\/2025\/10\/Foto-para-a-capa-da-noticia-da-Angotic-370x418.png\" width=\"370\" height=\"418\" alt=\"Foto para a capa da not\u00edcia da Angotic\" title=\"Foto para a capa da not\u00edcia da Angotic\" \/>                        <\/a>\n                        \n                    <\/div>\n                \n\n                <h3 class=\"pxl-post--title title-hover-line\"><a href=\"https:\/\/tradeintr.com\/en\/tradinter-marca-presenca-no-angotic-2025-o-maior-forum-de-tecnologia-de-angola\/\">Tradinter marca presen\u00e7a no ANGOTIC 2025 \u2013 o maior f\u00f3rum de tecnologia de Angola<\/a><\/h3>\n                                    <div class=\"pxl-post--content\">\n                                                    Pela primeira vez, a Tradinter participa no ANGOTIC 2025, o principal f\u00f3rum internacional de tecnologias&hellip;                                            <\/div>\n                                                    <div class=\"pxl-post--button\">\n                        <a class=\"btn--readmore\" href=\"https:\/\/tradeintr.com\/en\/tradinter-marca-presenca-no-angotic-2025-o-maior-forum-de-tecnologia-de-angola\/\">\n                            <span class=\"btn--text\">\n                                Ler mais                            <\/span>\n                            <svg xmlns=\"http:\/\/www.w3.org\/2000\/svg\" xmlns:xlink=\"http:\/\/www.w3.org\/1999\/xlink\" width=\"36\" x=\"0\" y=\"0\" viewBox=\"0 0 1560 1560\" style=\"enable-background:new 0 0 512 512\" xml:space=\"preserve\" class=\"\"><g transform=\"matrix(1,0,0,1,4.999999999999545,4.547473508864641e-13)\"><path d=\"M1524 811.8H36c-17.7 0-32-14.3-32-32s14.3-32 32-32h1410.7l-194.2-194.2c-12.5-12.5-12.5-32.8 0-45.3s32.8-12.5 45.3 0l248.9 248.9c9.2 9.2 11.9 22.9 6.9 34.9-5 11.9-16.7 19.7-29.6 19.7z\" fill=\"#0a1119\" opacity=\"1\" data-original=\"#000000\"><\/path><path d=\"M1274.8 1061c-8.2 0-16.4-3.1-22.6-9.4-12.5-12.5-12.5-32.8 0-45.3l249.2-249.2c12.5-12.5 32.8-12.5 45.3 0s12.5 32.8 0 45.3l-249.2 249.2c-6.3 6.3-14.5 9.4-22.7 9.4z\" fill=\"#0a1119\" opacity=\"1\" data-original=\"#000000\"><\/path><\/g><\/svg>\n                        <\/a>\n                    <\/div>\n                            <\/div>\n        <\/div>\n                    <div class=\"pxl-grid-item col-xl-4 col-lg-6 col-md-6 col-sm-12 col-12 corporate\">\n                <div class=\"pxl-post--inner wow skewInRight\" data-wow-duration=\"1.2s\">\n                                        <div class=\"pxl-post--meta pxl-flex-middle\">\n                        \n                                                    <div class=\"post-date\">\n                                21 July 2025                            <\/div>\n                        \n                    <\/div>\n                    <div class=\"pxl-post--featured hover-imge-effect2\">\n                        <a href=\"https:\/\/tradeintr.com\/en\/tradinter-reforca-padroes-de-qualidade-com-certificacao-iso-90012015\/\">\n                            <img loading=\"lazy\" decoding=\"async\" class=\"\" src=\"https:\/\/tradeintr.com\/wp-content\/uploads\/2025\/07\/noticia-iso-9001.2015.jpg\" width=\"359\" height=\"264\" alt=\"noticia-iso-9001.2015\" title=\"noticia-iso-9001.2015\" \/>                        <\/a>\n                        \n                    <\/div>\n                \n\n                <h3 class=\"pxl-post--title title-hover-line\"><a href=\"https:\/\/tradeintr.com\/en\/tradinter-reforca-padroes-de-qualidade-com-certificacao-iso-90012015\/\">Tradinter certifica as unidades de neg\u00f3cio.<\/a><\/h3>\n                                    <div class=\"pxl-post--content\">\n                                                    A Tradinter foi recentemente certificada com a ISO 9001:2015, um dos selos mais reconhecidos a&hellip;                                            <\/div>\n                                                    <div class=\"pxl-post--button\">\n                        <a class=\"btn--readmore\" href=\"https:\/\/tradeintr.com\/en\/tradinter-reforca-padroes-de-qualidade-com-certificacao-iso-90012015\/\">\n                            <span class=\"btn--text\">\n                                Ler mais                            <\/span>\n                            <svg xmlns=\"http:\/\/www.w3.org\/2000\/svg\" xmlns:xlink=\"http:\/\/www.w3.org\/1999\/xlink\" width=\"36\" x=\"0\" y=\"0\" viewBox=\"0 0 1560 1560\" style=\"enable-background:new 0 0 512 512\" xml:space=\"preserve\" class=\"\"><g transform=\"matrix(1,0,0,1,4.999999999999545,4.547473508864641e-13)\"><path d=\"M1524 811.8H36c-17.7 0-32-14.3-32-32s14.3-32 32-32h1410.7l-194.2-194.2c-12.5-12.5-12.5-32.8 0-45.3s32.8-12.5 45.3 0l248.9 248.9c9.2 9.2 11.9 22.9 6.9 34.9-5 11.9-16.7 19.7-29.6 19.7z\" fill=\"#0a1119\" opacity=\"1\" data-original=\"#000000\"><\/path><path d=\"M1274.8 1061c-8.2 0-16.4-3.1-22.6-9.4-12.5-12.5-12.5-32.8 0-45.3l249.2-249.2c12.5-12.5 32.8-12.5 45.3 0s12.5 32.8 0 45.3l-249.2 249.2c-6.3 6.3-14.5 9.4-22.7 9.4z\" fill=\"#0a1119\" opacity=\"1\" data-original=\"#000000\"><\/path><\/g><\/svg>\n                        <\/a>\n                    <\/div>\n                            <\/div>\n        <\/div>\n                    <div class=\"pxl-grid-item col-xl-4 col-lg-6 col-md-6 col-sm-12 col-12 corporate\">\n                <div class=\"pxl-post--inner wow skewInRight\" data-wow-duration=\"1.2s\">\n                                        <div class=\"pxl-post--meta pxl-flex-middle\">\n                        \n                                                    <div class=\"post-date\">\n                                21 July 2025                            <\/div>\n                        \n                    <\/div>\n                    <div class=\"pxl-post--featured hover-imge-effect2\">\n                        <a href=\"https:\/\/tradeintr.com\/en\/reconhecimento-nacional-tradinter-recebe-selo-feito-em-angola\/\">\n                            <img loading=\"lazy\" decoding=\"async\" class=\"\" src=\"https:\/\/tradeintr.com\/wp-content\/uploads\/2025\/07\/noticia-6-1.jpg\" width=\"359\" height=\"264\" alt=\"noticia-6\" title=\"noticia-6\" \/>                        <\/a>\n                        \n                    <\/div>\n                \n\n                <h3 class=\"pxl-post--title title-hover-line\"><a href=\"https:\/\/tradeintr.com\/en\/reconhecimento-nacional-tradinter-recebe-selo-feito-em-angola\/\">Reconhecimento nacional: Tradinter recebe selo Feito em Angola<\/a><\/h3>\n                                    <div class=\"pxl-post--content\">\n                                                    A Tradinter passou a integrar oficialmente o leque de empresas reconhecidas com o selo \u201cFeito&hellip;                                            <\/div>\n                                                    <div class=\"pxl-post--button\">\n                        <a class=\"btn--readmore\" href=\"https:\/\/tradeintr.com\/en\/reconhecimento-nacional-tradinter-recebe-selo-feito-em-angola\/\">\n                            <span class=\"btn--text\">\n                                Ler mais                            <\/span>\n                            <svg xmlns=\"http:\/\/www.w3.org\/2000\/svg\" xmlns:xlink=\"http:\/\/www.w3.org\/1999\/xlink\" width=\"36\" x=\"0\" y=\"0\" viewBox=\"0 0 1560 1560\" style=\"enable-background:new 0 0 512 512\" xml:space=\"preserve\" class=\"\"><g transform=\"matrix(1,0,0,1,4.999999999999545,4.547473508864641e-13)\"><path d=\"M1524 811.8H36c-17.7 0-32-14.3-32-32s14.3-32 32-32h1410.7l-194.2-194.2c-12.5-12.5-12.5-32.8 0-45.3s32.8-12.5 45.3 0l248.9 248.9c9.2 9.2 11.9 22.9 6.9 34.9-5 11.9-16.7 19.7-29.6 19.7z\" fill=\"#0a1119\" opacity=\"1\" data-original=\"#000000\"><\/path><path d=\"M1274.8 1061c-8.2 0-16.4-3.1-22.6-9.4-12.5-12.5-12.5-32.8 0-45.3l249.2-249.2c12.5-12.5 32.8-12.5 45.3 0s12.5 32.8 0 45.3l-249.2 249.2c-6.3 6.3-14.5 9.4-22.7 9.4z\" fill=\"#0a1119\" opacity=\"1\" data-original=\"#000000\"><\/path><\/g><\/svg>\n                        <\/a>\n                    <\/div>\n                            <\/div>\n        <\/div>\n            <\/div>\n            <div class=\"pxl-grid-pagination\">\n                            <nav class=\"pxl-pagination-wrap ajax\">\n                    <div class=\"pxl-pagination-links\">\n                        <span aria-label=\"Page 1\" aria-current=\"page\" class=\"page-numbers current\">1<\/span>\n<a aria-label=\"Page 2\" class=\"page-numbers\" href=\"#2\">2<\/a>\n<a class=\"next page-numbers\" href=\"#2\"><svg xmlns=\"http:\/\/www.w3.org\/2000\/svg\" width=\"24\" height=\"24\" viewBox=\"0 0 24 24\" fill=\"none\" stroke=\"currentColor\" stroke-width=\"2\" stroke-linecap=\"round\" stroke-linejoin=\"round\" class=\"feather feather-arrow-right\"><line x1=\"5\" y1=\"12\" x2=\"19\" y2=\"12\"><\/line><polyline points=\"12 5 19 12 12 19\"><\/polyline><\/svg><\/i><\/a>                    <\/div>\n                <\/nav>\n                        <\/div>\n        <\/div>\t\t\t\t<\/div>\n\t\t\t\t<\/div>\n\t\t            <\/div>\r\n        <\/div>\r\n        \t\t\t<\/div>\n\t\t<\/section>\n\t\t\t\t<\/div>\n\t\t\n    <div class=\"xs_social_share_widget xs_share_url after_content \t\tmain_content  wslu-style-1 wslu-share-box-shaped wslu-fill-colored wslu-none wslu-share-horizontal wslu-theme-font-no wslu-main_content\">\n\n\t\t\n        <ul>\n\t\t\t        <\/ul>\n    <\/div> \n","protected":false},"excerpt":{"rendered":"<p>23 February 2026 Br\u00e1ulio de Brito, Presidente e CEO da AECIPA Br\u00e1ulio de Brito \u00e9 um empreendedor industrial e de energia, investidor estrat\u00e9gico e construtor de&hellip; Ler mais 28 November 2025 Tradinter participa na FILDA pelo 3\u00ba ano consecutivo. O acto contou com a presen\u00e7a do nosso Executive Chairman, Br\u00e1ulio de Brito, e do&hellip; Ler [&hellip;]<\/p>\n","protected":false},"author":1,"featured_media":0,"parent":0,"menu_order":0,"comment_status":"closed","ping_status":"closed","template":"","meta":{"postBodyCss":"","postBodyMargin":[],"postBodyPadding":[],"postBodyBackground":{"backgroundType":"classic","gradient":""},"footnotes":""},"class_list":["post-154","page","type-page","status-publish","hentry"],"_links":{"self":[{"href":"https:\/\/tradeintr.com\/en\/wp-json\/wp\/v2\/pages\/154","targetHints":{"allow":["GET"]}}],"collection":[{"href":"https:\/\/tradeintr.com\/en\/wp-json\/wp\/v2\/pages"}],"about":[{"href":"https:\/\/tradeintr.com\/en\/wp-json\/wp\/v2\/types\/page"}],"author":[{"embeddable":true,"href":"https:\/\/tradeintr.com\/en\/wp-json\/wp\/v2\/users\/1"}],"replies":[{"embeddable":true,"href":"https:\/\/tradeintr.com\/en\/wp-json\/wp\/v2\/comments?post=154"}],"version-history":[{"count":37,"href":"https:\/\/tradeintr.com\/en\/wp-json\/wp\/v2\/pages\/154\/revisions"}],"predecessor-version":[{"id":20689,"href":"https:\/\/tradeintr.com\/en\/wp-json\/wp\/v2\/pages\/154\/revisions\/20689"}],"wp:attachment":[{"href":"https:\/\/tradeintr.com\/en\/wp-json\/wp\/v2\/media?parent=154"}],"curies":[{"name":"wp","href":"https:\/\/api.w.org\/{rel}","templated":true}]}}