{"id":163,"date":"2024-04-16T02:38:31","date_gmt":"2024-04-16T02:38:31","guid":{"rendered":"https:\/\/demo.bravisthemes.com\/herrington\/?page_id=163"},"modified":"2026-04-06T14:28:17","modified_gmt":"2026-04-06T14:28:17","slug":"nosso-ceo","status":"publish","type":"page","link":"https:\/\/tradeintr.com\/en\/nosso-ceo\/","title":{"rendered":"Our CEO"},"content":{"rendered":"<div data-elementor-type=\"wp-page\" data-elementor-id=\"163\" class=\"elementor elementor-163\" data-elementor-post-type=\"page\">\n\t\t\t\t        <section class=\"elementor-section elementor-top-section elementor-element elementor-element-9bc3565 elementor-section-stretched elementor-section-height-min-height elementor-section-boxed elementor-section-height-default elementor-section-items-middle pxl-row-scroll-none pxl-zoom-point-false pxl-section-overflow-visible\" data-id=\"9bc3565\" data-element_type=\"section\" data-e-type=\"section\" data-settings=\"{&quot;stretch_section&quot;:&quot;section-stretched&quot;,&quot;background_background&quot;:&quot;classic&quot;}\">\n\n                            <div class=\"elementor-background-overlay\"><\/div>\n            \n                <div class=\"elementor-container elementor-column-gap-extended\">\n                <div class=\"elementor-column elementor-col-100 elementor-top-column elementor-element elementor-element-d8aa819 pxl-column-none pxl-column-overflow-hidden-no\" data-id=\"d8aa819\" data-element_type=\"column\" data-e-type=\"column\">\r\n        <div class=\"elementor-widget-wrap elementor-element-populated\">\r\n                     \r\n        \t\t<div class=\"elementor-element elementor-element-536b8ca elementor-widget elementor-widget-heading\" data-id=\"536b8ca\" data-element_type=\"widget\" data-e-type=\"widget\" data-widget_type=\"heading.default\">\n\t\t\t\t\t<h2 class=\"elementor-heading-title elementor-size-default\">Our CEO<\/h2>\t\t\t\t<\/div>\n\t\t\t\t<div class=\"elementor-element elementor-element-01459fe elementor-widget elementor-widget-pxl_text_editor\" data-id=\"01459fe\" data-element_type=\"widget\" data-e-type=\"widget\" data-widget_type=\"pxl_text_editor.default\">\n\t\t\t\t<div class=\"elementor-widget-container\">\n\t\t\t\t\t<div class=\"pxl-text-editor\">\n\t<div class=\"pxl-item--inner\" data-wow-delay=\"ms\">\n\t\t<p>CEO &amp; Executive Chairman of Tradinter Group<\/p>\t\t\n\t<\/div>\n<\/div>\t\t\t\t<\/div>\n\t\t\t\t<\/div>\n\t\t\t\t<div class=\"elementor-element elementor-element-56de4cf elementor-widget-divider--view-line elementor-widget elementor-widget-divider\" data-id=\"56de4cf\" data-element_type=\"widget\" data-e-type=\"widget\" data-widget_type=\"divider.default\">\n\t\t\t\t\t\t\t<div class=\"elementor-divider\">\n\t\t\t<span class=\"elementor-divider-separator\">\n\t\t\t\t\t\t<\/span>\n\t\t<\/div>\n\t\t\t\t\t\t<\/div>\n\t\t\t\t<div class=\"elementor-element elementor-element-a205e1e elementor-widget-divider--view-line elementor-widget elementor-widget-divider\" data-id=\"a205e1e\" data-element_type=\"widget\" data-e-type=\"widget\" data-widget_type=\"divider.default\">\n\t\t\t\t\t\t\t<div class=\"elementor-divider\">\n\t\t\t<span class=\"elementor-divider-separator\">\n\t\t\t\t\t\t<\/span>\n\t\t<\/div>\n\t\t\t\t\t\t<\/div>\n\t\t            <\/div>\r\n        <\/div>\r\n        \t\t\t<\/div>\n\t\t<\/section>\n\t\t<div class=\"elementor-element elementor-element-38febb0 e-flex e-con-boxed e-con e-parent\" data-id=\"38febb0\" data-element_type=\"container\" data-e-type=\"container\">\t\t\t<div class=\"e-con-inner\">\r\n\t\t\t\t<div class=\"elementor-element elementor-element-2259047 e-n-tabs-mobile elementor-widget elementor-widget-n-tabs\" data-id=\"2259047\" data-element_type=\"widget\" data-e-type=\"widget\" data-settings=\"{&quot;horizontal_scroll&quot;:&quot;disable&quot;}\" data-widget_type=\"nested-tabs.default\">\n\t\t\t\t\t\t\t<div class=\"e-n-tabs\" data-widget-number=\"36016199\" aria-label=\"Tabs. Open items with Enter or Space, close with Escape and navigate using the Arrow keys.\" data-no-translation-aria-label=\"\">\n\t\t\t<div class=\"e-n-tabs-heading\" role=\"tablist\">\n\t\t\t\t\t<button id=\"e-n-tab-title-360161991\" data-tab-title-id=\"e-n-tab-title-360161991\" class=\"e-n-tab-title\" aria-selected=\"true\" data-tab-index=\"1\" role=\"tab\" tabindex=\"0\" aria-controls=\"e-n-tab-content-360161991\" style=\"--n-tabs-title-order: 1;\">\n\t\t\t\t\t\t<span class=\"e-n-tab-title-text\">\n\t\t\t\tBr\u00e1ulio de Brito Biography\t\t\t<\/span>\n\t\t<\/button>\n\t\t\t\t<button id=\"e-n-tab-title-360161992\" data-tab-title-id=\"e-n-tab-title-360161992\" class=\"e-n-tab-title\" aria-selected=\"false\" data-tab-index=\"2\" role=\"tab\" tabindex=\"-1\" aria-controls=\"e-n-tab-content-360161992\" style=\"--n-tabs-title-order: 2;\">\n\t\t\t\t\t\t<span class=\"e-n-tab-title-text\">\n\t\t\t\tGallery\t\t\t<\/span>\n\t\t<\/button>\n\t\t\t\t\t<\/div>\n\t\t\t<div class=\"e-n-tabs-content\">\n\t\t\t\t<div id=\"e-n-tab-content-360161991\" role=\"tabpanel\" aria-labelledby=\"e-n-tab-title-360161991\" data-tab-index=\"1\" style=\"--n-tabs-title-order: 1;\" class=\"e-active elementor-element elementor-element-0d34006 e-con-full e-flex e-con e-child\" data-id=\"0d34006\" data-element_type=\"container\" data-e-type=\"container\"><div class=\"elementor-element elementor-element-6933f86 e-con-full e-flex e-con e-child\" data-id=\"6933f86\" data-element_type=\"container\" data-e-type=\"container\">\t\t<div class=\"elementor-element elementor-element-6a386c5 elementor-widget elementor-widget-image\" data-id=\"6a386c5\" data-element_type=\"widget\" data-e-type=\"widget\" data-widget_type=\"image.default\">\n\t\t\t\t\t\t\t\t\t\t\t\t\t\t\t<img fetchpriority=\"high\" decoding=\"async\" width=\"683\" height=\"1024\" src=\"https:\/\/tradeintr.com\/wp-content\/uploads\/2026\/02\/Foto-para-capa-do-OUR-CHAIRMAN-683x1024.jpeg\" class=\"attachment-large size-large wp-image-20550\" alt=\"\" srcset=\"https:\/\/tradeintr.com\/wp-content\/uploads\/2026\/02\/Foto-para-capa-do-OUR-CHAIRMAN-683x1024.jpeg 683w, https:\/\/tradeintr.com\/wp-content\/uploads\/2026\/02\/Foto-para-capa-do-OUR-CHAIRMAN-200x300.jpeg 200w, https:\/\/tradeintr.com\/wp-content\/uploads\/2026\/02\/Foto-para-capa-do-OUR-CHAIRMAN-768x1151.jpeg 768w, https:\/\/tradeintr.com\/wp-content\/uploads\/2026\/02\/Foto-para-capa-do-OUR-CHAIRMAN-474x710.jpeg 474w, https:\/\/tradeintr.com\/wp-content\/uploads\/2026\/02\/Foto-para-capa-do-OUR-CHAIRMAN.jpeg 854w\" sizes=\"(max-width: 683px) 100vw, 683px\" \/>\t\t\t\t\t\t\t\t\t\t\t\t\t\t\t<\/div>\n\t\t\t\t<div class=\"elementor-element elementor-element-83ef508 elementor-widget elementor-widget-text-editor\" data-id=\"83ef508\" data-element_type=\"widget\" data-e-type=\"widget\" data-widget_type=\"text-editor.default\">\n\t\t\t\t\t\t\t\t\t<p><b>Br\u00e1ulio de Brito<\/b><\/p><p>CEO &amp; Executive Chairman of Tradinter Group<\/p>\t\t\t\t\t\t\t\t<\/div>\n\t\t\t\t<\/div>\r\n\t\t<div class=\"elementor-element elementor-element-6887b04 e-con-full e-flex e-con e-child\" data-id=\"6887b04\" data-element_type=\"container\" data-e-type=\"container\">\t\t<div class=\"elementor-element elementor-element-7fb9fac elementor-widget elementor-widget-text-editor\" data-id=\"7fb9fac\" data-element_type=\"widget\" data-e-type=\"widget\" data-widget_type=\"text-editor.default\">\n\t\t\t\t\t\t\t\t\t<p><strong>Chairman and Founder of Tradinter Group<\/strong><\/p><p>Br\u00e1ulio de Brito, Chairman and Founder of Tradinter Group, is an executive with solid international experience in the oil and gas sector, with a vision focused on positioning Tradinter as a reference in the Angolan oil services industry, through strengthening its operational capabilities, diversifying its activities and maintaining a consistent approach to execution and sustainable growth.<\/p><p>As Chairman of Tradinter Group, he leads an industrial services organisation with presence in\u00a0<strong>in Industrial Maintenance, Logistics and Transport, Biosafety, Drone Inspections (UAV) and Consulting<\/strong>, apoiando opera\u00e7\u00f5es em on- e offshore, bem como outras actividades industriais.<\/p><p>Under his leadership, Tradinter Group is distinguished by operational standards aligned with international best practices, with consistency, execution rigour and a clear commitment to Safety and Quality.<\/p><p>With more than two decades of international experience, Br\u00e1ulio de Brito has held technical and leadership roles in globally recognised companies, including Texaco, ExxonMobil, WorleyParsons and Cameron.<\/p><p>His professional journey has evolved progressively across demanding international environments, resulting in a pragmatic, disciplined and results-oriented management approach.<\/p><p>In addition to his business activities, he plays an active role in the sector as President of the\u00a0<strong>Angolan Association of Oil and Gas Service Companies (AECIPA)<\/strong>contributing to the promotion of dialogue among industry stakeholders and to the development of Local Content.<\/p><p>He was also co-founder of the Angola-United Kingdom Chamber of Commerce, actively contributing to the creation and consolidation of a reference platform connecting Angolan and British companies, promoting strategic partnerships, strengthening commercial relations and identifying new investment opportunities between both markets.<\/p><p>He holds a degree in Mineral Resources Engineering from the University of Leeds, a\npostgraduate qualification in Global Business from Sa\u00efd Business School, University of Oxford, and in Business Management from ISEG, in Lisbon.<\/p><p>His leadership is based on a vision of sustainable development for Tradinter, aimed at positioning the group as a partner of choice in the Angolan oil industry, distinguished by execution consistency, operational reliability and the ability to deliver safely and with quality.<\/p>\t\t\t\t\t\t\t\t<\/div>\n\t\t\t\t<\/div>\r\n\t\t\t\t<\/div>\r\n\t\t<div id=\"e-n-tab-content-360161992\" role=\"tabpanel\" aria-labelledby=\"e-n-tab-title-360161992\" data-tab-index=\"2\" style=\"--n-tabs-title-order: 2;\" class=\"elementor-element elementor-element-3c93ab4 e-con-full e-flex e-con e-child\" data-id=\"3c93ab4\" data-element_type=\"container\" data-e-type=\"container\">\t\t<div class=\"elementor-element elementor-element-efa52e6 elementor-widget elementor-widget-gallery\" data-id=\"efa52e6\" data-element_type=\"widget\" data-e-type=\"widget\" data-settings=\"{&quot;aspect_ratio&quot;:&quot;1:1&quot;,&quot;lazyload&quot;:&quot;yes&quot;,&quot;gallery_layout&quot;:&quot;grid&quot;,&quot;columns&quot;:4,&quot;columns_tablet&quot;:2,&quot;columns_mobile&quot;:1,&quot;gap&quot;:{&quot;unit&quot;:&quot;px&quot;,&quot;size&quot;:10,&quot;sizes&quot;:[]},&quot;gap_laptop&quot;:{&quot;unit&quot;:&quot;px&quot;,&quot;size&quot;:10,&quot;sizes&quot;:[]},&quot;gap_tablet_extra&quot;:{&quot;unit&quot;:&quot;px&quot;,&quot;size&quot;:10,&quot;sizes&quot;:[]},&quot;gap_tablet&quot;:{&quot;unit&quot;:&quot;px&quot;,&quot;size&quot;:10,&quot;sizes&quot;:[]},&quot;gap_mobile&quot;:{&quot;unit&quot;:&quot;px&quot;,&quot;size&quot;:10,&quot;sizes&quot;:[]},&quot;link_to&quot;:&quot;file&quot;,&quot;overlay_background&quot;:&quot;yes&quot;,&quot;content_hover_animation&quot;:&quot;fade-in&quot;}\" data-widget_type=\"gallery.default\">\n\t\t\t\t\t\t\t<div class=\"elementor-gallery__container\">\n\t\t\t\t\t\t\t<a class=\"e-gallery-item elementor-gallery-item elementor-animated-content\" href=\"https:\/\/tradeintr.com\/wp-content\/uploads\/2026\/02\/foto-2.jpg\" data-elementor-open-lightbox=\"yes\" data-elementor-lightbox-slideshow=\"efa52e6\" data-e-action-hash=\"#elementor-action%3Aaction%3Dlightbox%26settings%3DeyJpZCI6MjA2MjksInVybCI6Imh0dHBzOlwvXC90cmFkZWludHIuY29tXC93cC1jb250ZW50XC91cGxvYWRzXC8yMDI2XC8wMlwvZm90by0yLmpwZyIsInNsaWRlc2hvdyI6ImVmYTUyZTYifQ%3D%3D\">\n\t\t\t\t\t<div class=\"e-gallery-image elementor-gallery-item__image\" data-thumbnail=\"https:\/\/tradeintr.com\/wp-content\/uploads\/2026\/02\/foto-2.jpg\" data-width=\"1668\" data-height=\"2500\" aria-label=\"\" role=\"img\" ><\/div>\n\t\t\t\t\t\t\t\t\t\t\t<div class=\"elementor-gallery-item__overlay\"><\/div>\n\t\t\t\t\t\t\t\t\t\t\t\t\t\t<\/a>\n\t\t\t\t\t\t\t<a class=\"e-gallery-item elementor-gallery-item elementor-animated-content\" href=\"https:\/\/tradeintr.com\/wp-content\/uploads\/2026\/02\/foto-3-scaled.png\" data-elementor-open-lightbox=\"yes\" data-elementor-lightbox-slideshow=\"efa52e6\" data-e-action-hash=\"#elementor-action%3Aaction%3Dlightbox%26settings%3DeyJpZCI6MjA2MzAsInVybCI6Imh0dHBzOlwvXC90cmFkZWludHIuY29tXC93cC1jb250ZW50XC91cGxvYWRzXC8yMDI2XC8wMlwvZm90by0zLXNjYWxlZC5wbmciLCJzbGlkZXNob3ciOiJlZmE1MmU2In0%3D\">\n\t\t\t\t\t<div class=\"e-gallery-image elementor-gallery-item__image\" data-thumbnail=\"https:\/\/tradeintr.com\/wp-content\/uploads\/2026\/02\/foto-3-scaled.png\" data-width=\"2560\" data-height=\"1810\" aria-label=\"\" role=\"img\" ><\/div>\n\t\t\t\t\t\t\t\t\t\t\t<div class=\"elementor-gallery-item__overlay\"><\/div>\n\t\t\t\t\t\t\t\t\t\t\t\t\t\t<\/a>\n\t\t\t\t\t\t\t<a class=\"e-gallery-item elementor-gallery-item elementor-animated-content\" href=\"https:\/\/tradeintr.com\/wp-content\/uploads\/2026\/02\/foto-4.jpeg\" data-elementor-open-lightbox=\"yes\" data-elementor-lightbox-slideshow=\"efa52e6\" data-e-action-hash=\"#elementor-action%3Aaction%3Dlightbox%26settings%3DeyJpZCI6MjA2MzIsInVybCI6Imh0dHBzOlwvXC90cmFkZWludHIuY29tXC93cC1jb250ZW50XC91cGxvYWRzXC8yMDI2XC8wMlwvZm90by00LmpwZWciLCJzbGlkZXNob3ciOiJlZmE1MmU2In0%3D\">\n\t\t\t\t\t<div class=\"e-gallery-image elementor-gallery-item__image\" data-thumbnail=\"https:\/\/tradeintr.com\/wp-content\/uploads\/2026\/02\/foto-4.jpeg\" data-width=\"854\" data-height=\"1280\" aria-label=\"\" role=\"img\" ><\/div>\n\t\t\t\t\t\t\t\t\t\t\t<div class=\"elementor-gallery-item__overlay\"><\/div>\n\t\t\t\t\t\t\t\t\t\t\t\t\t\t<\/a>\n\t\t\t\t\t\t\t<a class=\"e-gallery-item elementor-gallery-item elementor-animated-content\" href=\"https:\/\/tradeintr.com\/wp-content\/uploads\/2026\/02\/foto-5.jpg\" data-elementor-open-lightbox=\"yes\" data-elementor-lightbox-slideshow=\"efa52e6\" data-e-action-hash=\"#elementor-action%3Aaction%3Dlightbox%26settings%3DeyJpZCI6MjA2MzMsInVybCI6Imh0dHBzOlwvXC90cmFkZWludHIuY29tXC93cC1jb250ZW50XC91cGxvYWRzXC8yMDI2XC8wMlwvZm90by01LmpwZyIsInNsaWRlc2hvdyI6ImVmYTUyZTYifQ%3D%3D\">\n\t\t\t\t\t<div class=\"e-gallery-image elementor-gallery-item__image\" data-thumbnail=\"https:\/\/tradeintr.com\/wp-content\/uploads\/2026\/02\/foto-5.jpg\" data-width=\"1280\" data-height=\"853\" aria-label=\"\" role=\"img\" ><\/div>\n\t\t\t\t\t\t\t\t\t\t\t<div class=\"elementor-gallery-item__overlay\"><\/div>\n\t\t\t\t\t\t\t\t\t\t\t\t\t\t<\/a>\n\t\t\t\t\t\t\t<a class=\"e-gallery-item elementor-gallery-item elementor-animated-content\" href=\"https:\/\/tradeintr.com\/wp-content\/uploads\/2026\/03\/Sr-Braulio-e-Joe-Biden-scaled.jpeg\" data-elementor-open-lightbox=\"yes\" data-elementor-lightbox-slideshow=\"efa52e6\" data-elementor-lightbox-title=\"Trident\" data-e-action-hash=\"#elementor-action%3Aaction%3Dlightbox%26settings%3DeyJpZCI6MjA2NzgsInVybCI6Imh0dHBzOlwvXC90cmFkZWludHIuY29tXC93cC1jb250ZW50XC91cGxvYWRzXC8yMDI2XC8wM1wvU3ItQnJhdWxpby1lLUpvZS1CaWRlbi1zY2FsZWQuanBlZyIsInNsaWRlc2hvdyI6ImVmYTUyZTYifQ%3D%3D\">\n\t\t\t\t\t<div class=\"e-gallery-image elementor-gallery-item__image\" data-thumbnail=\"https:\/\/tradeintr.com\/wp-content\/uploads\/2026\/03\/Sr-Braulio-e-Joe-Biden-scaled.jpeg\" data-width=\"2560\" data-height=\"1920\" aria-label=\"\" role=\"img\" ><\/div>\n\t\t\t\t\t\t\t\t\t\t\t<div class=\"elementor-gallery-item__overlay\"><\/div>\n\t\t\t\t\t\t\t\t\t\t\t\t\t\t<\/a>\n\t\t\t\t\t\t\t<a class=\"e-gallery-item elementor-gallery-item elementor-animated-content\" href=\"https:\/\/tradeintr.com\/wp-content\/uploads\/2026\/02\/foto-8.jpg\" data-elementor-open-lightbox=\"yes\" data-elementor-lightbox-slideshow=\"efa52e6\" data-e-action-hash=\"#elementor-action%3Aaction%3Dlightbox%26settings%3DeyJpZCI6MjA2MzYsInVybCI6Imh0dHBzOlwvXC90cmFkZWludHIuY29tXC93cC1jb250ZW50XC91cGxvYWRzXC8yMDI2XC8wMlwvZm90by04LmpwZyIsInNsaWRlc2hvdyI6ImVmYTUyZTYifQ%3D%3D\">\n\t\t\t\t\t<div class=\"e-gallery-image elementor-gallery-item__image\" data-thumbnail=\"https:\/\/tradeintr.com\/wp-content\/uploads\/2026\/02\/foto-8.jpg\" data-width=\"1280\" data-height=\"853\" aria-label=\"\" role=\"img\" ><\/div>\n\t\t\t\t\t\t\t\t\t\t\t<div class=\"elementor-gallery-item__overlay\"><\/div>\n\t\t\t\t\t\t\t\t\t\t\t\t\t\t<\/a>\n\t\t\t\t\t\t\t<a class=\"e-gallery-item elementor-gallery-item elementor-animated-content\" href=\"https:\/\/tradeintr.com\/wp-content\/uploads\/2026\/02\/foto-9-scaled.png\" data-elementor-open-lightbox=\"yes\" data-elementor-lightbox-slideshow=\"efa52e6\" data-e-action-hash=\"#elementor-action%3Aaction%3Dlightbox%26settings%3DeyJpZCI6MjA2MzcsInVybCI6Imh0dHBzOlwvXC90cmFkZWludHIuY29tXC93cC1jb250ZW50XC91cGxvYWRzXC8yMDI2XC8wMlwvZm90by05LXNjYWxlZC5wbmciLCJzbGlkZXNob3ciOiJlZmE1MmU2In0%3D\">\n\t\t\t\t\t<div class=\"e-gallery-image elementor-gallery-item__image\" data-thumbnail=\"https:\/\/tradeintr.com\/wp-content\/uploads\/2026\/02\/foto-9-scaled.png\" data-width=\"2560\" data-height=\"2535\" aria-label=\"\" role=\"img\" ><\/div>\n\t\t\t\t\t\t\t\t\t\t\t<div class=\"elementor-gallery-item__overlay\"><\/div>\n\t\t\t\t\t\t\t\t\t\t\t\t\t\t<\/a>\n\t\t\t\t\t\t\t<a class=\"e-gallery-item elementor-gallery-item elementor-animated-content\" href=\"https:\/\/tradeintr.com\/wp-content\/uploads\/2026\/02\/foto-11.jpg\" data-elementor-open-lightbox=\"yes\" data-elementor-lightbox-slideshow=\"efa52e6\" data-e-action-hash=\"#elementor-action%3Aaction%3Dlightbox%26settings%3DeyJpZCI6MjA2MzksInVybCI6Imh0dHBzOlwvXC90cmFkZWludHIuY29tXC93cC1jb250ZW50XC91cGxvYWRzXC8yMDI2XC8wMlwvZm90by0xMS5qcGciLCJzbGlkZXNob3ciOiJlZmE1MmU2In0%3D\">\n\t\t\t\t\t<div class=\"e-gallery-image elementor-gallery-item__image\" data-thumbnail=\"https:\/\/tradeintr.com\/wp-content\/uploads\/2026\/02\/foto-11.jpg\" data-width=\"1024\" data-height=\"683\" aria-label=\"\" role=\"img\" ><\/div>\n\t\t\t\t\t\t\t\t\t\t\t<div class=\"elementor-gallery-item__overlay\"><\/div>\n\t\t\t\t\t\t\t\t\t\t\t\t\t\t<\/a>\n\t\t\t\t\t\t\t<a class=\"e-gallery-item elementor-gallery-item elementor-animated-content\" href=\"https:\/\/tradeintr.com\/wp-content\/uploads\/2026\/02\/foto-12.png\" data-elementor-open-lightbox=\"yes\" data-elementor-lightbox-slideshow=\"efa52e6\" data-e-action-hash=\"#elementor-action%3Aaction%3Dlightbox%26settings%3DeyJpZCI6MjA2NDAsInVybCI6Imh0dHBzOlwvXC90cmFkZWludHIuY29tXC93cC1jb250ZW50XC91cGxvYWRzXC8yMDI2XC8wMlwvZm90by0xMi5wbmciLCJzbGlkZXNob3ciOiJlZmE1MmU2In0%3D\">\n\t\t\t\t\t<div class=\"e-gallery-image elementor-gallery-item__image\" data-thumbnail=\"https:\/\/tradeintr.com\/wp-content\/uploads\/2026\/02\/foto-12.png\" data-width=\"854\" data-height=\"1280\" aria-label=\"\" role=\"img\" ><\/div>\n\t\t\t\t\t\t\t\t\t\t\t<div class=\"elementor-gallery-item__overlay\"><\/div>\n\t\t\t\t\t\t\t\t\t\t\t\t\t\t<\/a>\n\t\t\t\t\t\t\t<a class=\"e-gallery-item elementor-gallery-item elementor-animated-content\" href=\"https:\/\/tradeintr.com\/wp-content\/uploads\/2026\/02\/foto-14.jpeg\" data-elementor-open-lightbox=\"yes\" data-elementor-lightbox-slideshow=\"efa52e6\" data-e-action-hash=\"#elementor-action%3Aaction%3Dlightbox%26settings%3DeyJpZCI6MjA2NDEsInVybCI6Imh0dHBzOlwvXC90cmFkZWludHIuY29tXC93cC1jb250ZW50XC91cGxvYWRzXC8yMDI2XC8wMlwvZm90by0xNC5qcGVnIiwic2xpZGVzaG93IjoiZWZhNTJlNiJ9\">\n\t\t\t\t\t<div class=\"e-gallery-image elementor-gallery-item__image\" data-thumbnail=\"https:\/\/tradeintr.com\/wp-content\/uploads\/2026\/02\/foto-14.jpeg\" data-width=\"1024\" data-height=\"1280\" aria-label=\"\" role=\"img\" ><\/div>\n\t\t\t\t\t\t\t\t\t\t\t<div class=\"elementor-gallery-item__overlay\"><\/div>\n\t\t\t\t\t\t\t\t\t\t\t\t\t\t<\/a>\n\t\t\t\t\t\t\t<a class=\"e-gallery-item elementor-gallery-item elementor-animated-content\" href=\"https:\/\/tradeintr.com\/wp-content\/uploads\/2026\/02\/foto-15.jpg\" data-elementor-open-lightbox=\"yes\" data-elementor-lightbox-slideshow=\"efa52e6\" data-e-action-hash=\"#elementor-action%3Aaction%3Dlightbox%26settings%3DeyJpZCI6MjA2NDIsInVybCI6Imh0dHBzOlwvXC90cmFkZWludHIuY29tXC93cC1jb250ZW50XC91cGxvYWRzXC8yMDI2XC8wMlwvZm90by0xNS5qcGciLCJzbGlkZXNob3ciOiJlZmE1MmU2In0%3D\">\n\t\t\t\t\t<div class=\"e-gallery-image elementor-gallery-item__image\" data-thumbnail=\"https:\/\/tradeintr.com\/wp-content\/uploads\/2026\/02\/foto-15.jpg\" data-width=\"721\" data-height=\"1024\" aria-label=\"\" role=\"img\" ><\/div>\n\t\t\t\t\t\t\t\t\t\t\t<div class=\"elementor-gallery-item__overlay\"><\/div>\n\t\t\t\t\t\t\t\t\t\t\t\t\t\t<\/a>\n\t\t\t\t\t\t\t<a class=\"e-gallery-item elementor-gallery-item elementor-animated-content\" href=\"https:\/\/tradeintr.com\/wp-content\/uploads\/2026\/02\/foto-16.jpeg\" data-elementor-open-lightbox=\"yes\" data-elementor-lightbox-slideshow=\"efa52e6\" data-e-action-hash=\"#elementor-action%3Aaction%3Dlightbox%26settings%3DeyJpZCI6MjA2NDMsInVybCI6Imh0dHBzOlwvXC90cmFkZWludHIuY29tXC93cC1jb250ZW50XC91cGxvYWRzXC8yMDI2XC8wMlwvZm90by0xNi5qcGVnIiwic2xpZGVzaG93IjoiZWZhNTJlNiJ9\">\n\t\t\t\t\t<div class=\"e-gallery-image elementor-gallery-item__image\" data-thumbnail=\"https:\/\/tradeintr.com\/wp-content\/uploads\/2026\/02\/foto-16.jpeg\" data-width=\"960\" data-height=\"1280\" aria-label=\"\" role=\"img\" ><\/div>\n\t\t\t\t\t\t\t\t\t\t\t<div class=\"elementor-gallery-item__overlay\"><\/div>\n\t\t\t\t\t\t\t\t\t\t\t\t\t\t<\/a>\n\t\t\t\t\t\t\t<a class=\"e-gallery-item elementor-gallery-item elementor-animated-content\" href=\"https:\/\/tradeintr.com\/wp-content\/uploads\/2026\/02\/foto-17.jpg\" data-elementor-open-lightbox=\"yes\" data-elementor-lightbox-slideshow=\"efa52e6\" data-e-action-hash=\"#elementor-action%3Aaction%3Dlightbox%26settings%3DeyJpZCI6MjA2NDQsInVybCI6Imh0dHBzOlwvXC90cmFkZWludHIuY29tXC93cC1jb250ZW50XC91cGxvYWRzXC8yMDI2XC8wMlwvZm90by0xNy5qcGciLCJzbGlkZXNob3ciOiJlZmE1MmU2In0%3D\">\n\t\t\t\t\t<div class=\"e-gallery-image elementor-gallery-item__image\" data-thumbnail=\"https:\/\/tradeintr.com\/wp-content\/uploads\/2026\/02\/foto-17.jpg\" data-width=\"960\" data-height=\"1280\" aria-label=\"\" role=\"img\" ><\/div>\n\t\t\t\t\t\t\t\t\t\t\t<div class=\"elementor-gallery-item__overlay\"><\/div>\n\t\t\t\t\t\t\t\t\t\t\t\t\t\t<\/a>\n\t\t\t\t\t<\/div>\n\t\t\t\t\t<\/div>\n\t\t\t\t<\/div>\r\n\t\t\t\t\t<\/div>\n\t\t<\/div>\n\t\t\t\t\t\t<\/div>\n\t\t\t\t\t<\/div>\r\n\t\t\t\t<\/div>\r\n\t\t\t\t<\/div>\n\t\t\n    <div class=\"xs_social_share_widget xs_share_url after_content \t\tmain_content  wslu-style-1 wslu-share-box-shaped wslu-fill-colored wslu-none wslu-share-horizontal wslu-theme-font-no wslu-main_content\">\n\n\t\t\n        <ul>\n\t\t\t        <\/ul>\n    <\/div>","protected":false},"excerpt":{"rendered":"<p>CEO &amp; Presidente Executivo do Grupo Tradinter Sobre Br\u00e1ulio de brito Galeria Br\u00e1ulio de Brito CEO &amp; Presidente Executivo do Grupo Tradinter Presidente e Fundador do Grupo Tradinter Br\u00e1ulio de Brito, Presidente e Fundador do Grupo Tradinter, \u00e9 um gestor com s\u00f3lida experi\u00eancia internacional no sector de petr\u00f3leo e g\u00e1s, com a vis\u00e3o orientada para [&hellip;]<\/p>\n","protected":false},"author":1,"featured_media":0,"parent":0,"menu_order":0,"comment_status":"closed","ping_status":"closed","template":"","meta":{"postBodyCss":"","postBodyMargin":[],"postBodyPadding":[],"postBodyBackground":{"backgroundType":"classic","gradient":""},"footnotes":""},"class_list":["post-163","page","type-page","status-publish","hentry"],"_links":{"self":[{"href":"https:\/\/tradeintr.com\/en\/wp-json\/wp\/v2\/pages\/163","targetHints":{"allow":["GET"]}}],"collection":[{"href":"https:\/\/tradeintr.com\/en\/wp-json\/wp\/v2\/pages"}],"about":[{"href":"https:\/\/tradeintr.com\/en\/wp-json\/wp\/v2\/types\/page"}],"author":[{"embeddable":true,"href":"https:\/\/tradeintr.com\/en\/wp-json\/wp\/v2\/users\/1"}],"replies":[{"embeddable":true,"href":"https:\/\/tradeintr.com\/en\/wp-json\/wp\/v2\/comments?post=163"}],"version-history":[{"count":521,"href":"https:\/\/tradeintr.com\/en\/wp-json\/wp\/v2\/pages\/163\/revisions"}],"predecessor-version":[{"id":20804,"href":"https:\/\/tradeintr.com\/en\/wp-json\/wp\/v2\/pages\/163\/revisions\/20804"}],"wp:attachment":[{"href":"https:\/\/tradeintr.com\/en\/wp-json\/wp\/v2\/media?parent=163"}],"curies":[{"name":"wp","href":"https:\/\/api.w.org\/{rel}","templated":true}]}}