{"id":180,"date":"2024-04-16T02:39:44","date_gmt":"2024-04-16T02:39:44","guid":{"rendered":"https:\/\/demo.bravisthemes.com\/herrington\/?page_id=180"},"modified":"2026-03-05T16:29:41","modified_gmt":"2026-03-05T16:29:41","slug":"sustentabilidade","status":"publish","type":"page","link":"https:\/\/tradeintr.com\/en\/sustentabilidade\/","title":{"rendered":"Sustainability"},"content":{"rendered":"<div data-elementor-type=\"wp-page\" data-elementor-id=\"180\" class=\"elementor elementor-180\" data-elementor-post-type=\"page\">\n\t\t\t\t        <section class=\"elementor-section elementor-top-section elementor-element elementor-element-c870eb0 elementor-section-stretched elementor-section-height-min-height elementor-section-boxed elementor-section-height-default elementor-section-items-middle pxl-row-scroll-none pxl-zoom-point-false pxl-section-overflow-visible\" data-id=\"c870eb0\" data-element_type=\"section\" data-e-type=\"section\" data-settings=\"{&quot;stretch_section&quot;:&quot;section-stretched&quot;,&quot;background_background&quot;:&quot;classic&quot;}\">\n\n                            <div class=\"elementor-background-overlay\"><\/div>\n            \n                <div class=\"elementor-container elementor-column-gap-extended\">\n                <div class=\"elementor-column elementor-col-100 elementor-top-column elementor-element elementor-element-3dc0750 pxl-column-none pxl-column-overflow-hidden-no\" data-id=\"3dc0750\" data-element_type=\"column\" data-e-type=\"column\">\r\n        <div class=\"elementor-widget-wrap elementor-element-populated\">\r\n                     \r\n        \t\t<div class=\"elementor-element elementor-element-47cc9d6 elementor-widget elementor-widget-pxl_heading\" data-id=\"47cc9d6\" data-element_type=\"widget\" data-e-type=\"widget\" data-widget_type=\"pxl_heading.default\">\n\t\t\t\t<div class=\"elementor-widget-container\">\n\t\t\t\t\t\n<div id=\"pxl-pxl_heading-47cc9d6-6787\" class=\"pxl-heading px-sub-title-default-style\">\n\t<div class=\"pxl-heading--inner\">\n\t\t\n\t\t<h3 class=\"pxl-item--title style-default ft-gt highlight-default\" data-wow-delay=\"ms\">\n\t\t\t\t\t\t\tSustainability\t\n\t\t\t\t\n\t\t<\/h3>\n\t\t\n\t<\/div>\n<\/div>\t\t\t\t<\/div>\n\t\t\t\t<\/div>\n\t\t\t\t<div class=\"elementor-element elementor-element-7b7d460 elementor-widget elementor-widget-pxl_text_editor\" data-id=\"7b7d460\" data-element_type=\"widget\" data-e-type=\"widget\" data-widget_type=\"pxl_text_editor.default\">\n\t\t\t\t<div class=\"elementor-widget-container\">\n\t\t\t\t\t<div class=\"pxl-text-editor\">\n\t<div class=\"pxl-item--inner\" data-wow-delay=\"ms\">\n\t\t<p>In our view, business growth only makes sense when it goes hand in hand with the social and environmental progress of the communities in which we operate.<\/p>\t\t\n\t<\/div>\n<\/div>\t\t\t\t<\/div>\n\t\t\t\t<\/div>\n\t\t\t\t<div class=\"elementor-element elementor-element-aa4d4f2 elementor-widget-divider--view-line elementor-widget elementor-widget-divider\" data-id=\"aa4d4f2\" data-element_type=\"widget\" data-e-type=\"widget\" data-widget_type=\"divider.default\">\n\t\t\t\t\t\t\t<div class=\"elementor-divider\">\n\t\t\t<span class=\"elementor-divider-separator\">\n\t\t\t\t\t\t<\/span>\n\t\t<\/div>\n\t\t\t\t\t\t<\/div>\n\t\t\t\t<div class=\"elementor-element elementor-element-e15c766 elementor-widget-divider--view-line elementor-widget elementor-widget-divider\" data-id=\"e15c766\" data-element_type=\"widget\" data-e-type=\"widget\" data-widget_type=\"divider.default\">\n\t\t\t\t\t\t\t<div class=\"elementor-divider\">\n\t\t\t<span class=\"elementor-divider-separator\">\n\t\t\t\t\t\t<\/span>\n\t\t<\/div>\n\t\t\t\t\t\t<\/div>\n\t\t            <\/div>\r\n        <\/div>\r\n        \t\t\t<\/div>\n\t\t<\/section>\n\t\t<div class=\"elementor-element elementor-element-dd37eea e-flex e-con-boxed e-con e-parent\" data-id=\"dd37eea\" data-element_type=\"container\" data-e-type=\"container\">\t\t\t<div class=\"e-con-inner\">\r\n\t\t\t\t<div class=\"elementor-element elementor-element-f3b0112 elementor-widget elementor-widget-spacer\" data-id=\"f3b0112\" data-element_type=\"widget\" data-e-type=\"widget\" data-widget_type=\"spacer.default\">\n\t\t\t\t\t\t\t<div class=\"elementor-spacer\">\n\t\t\t<div class=\"elementor-spacer-inner\"><\/div>\n\t\t<\/div>\n\t\t\t\t\t\t<\/div>\n\t\t\t\t\t<\/div>\r\n\t\t\t\t<\/div>\r\n\t\t<div class=\"elementor-element elementor-element-609c3d7 e-flex e-con-boxed e-con e-parent\" data-id=\"609c3d7\" data-element_type=\"container\" data-e-type=\"container\">\t\t\t<div class=\"e-con-inner\">\r\n\t\t\t\t<div class=\"elementor-element elementor-element-0edb45f elementor-widget elementor-widget-heading\" data-id=\"0edb45f\" data-element_type=\"widget\" data-e-type=\"widget\" data-widget_type=\"heading.default\">\n\t\t\t\t\t<h2 class=\"elementor-heading-title elementor-size-default\">Sustainability<\/h2>\t\t\t\t<\/div>\n\t\t\t\t<div class=\"elementor-element elementor-element-46be028 elementor-widget elementor-widget-heading\" data-id=\"46be028\" data-element_type=\"widget\" data-e-type=\"widget\" data-widget_type=\"heading.default\">\n\t\t\t\t\t<h2 class=\"elementor-heading-title elementor-size-default\">We believe in giving back to the community in which we work and live<\/h2>\t\t\t\t<\/div>\n\t\t\t\t<div class=\"elementor-element elementor-element-f258963 elementor-widget elementor-widget-text-editor\" data-id=\"f258963\" data-element_type=\"widget\" data-e-type=\"widget\" data-widget_type=\"text-editor.default\">\n\t\t\t\t\t\t\t\t\t<p>Our objective is to develop our workforce through training, development and career growth.<\/p><p>Our commitment is to add value to Angola by employing young Angolans, helping to develop their careers and, together with the quality of our services, contributing to the development of the Angolan economy and its national reconstruction programme.<\/p>\t\t\t\t\t\t\t\t<\/div>\n\t\t\t\t\t<\/div>\r\n\t\t\t\t<\/div>\r\n\t\t        <section class=\"elementor-section elementor-top-section elementor-element elementor-element-ee8e923 elementor-section-stretched elementor-section-boxed elementor-section-height-default elementor-section-height-default pxl-row-scroll-none pxl-zoom-point-false pxl-section-overflow-visible\" data-id=\"ee8e923\" data-element_type=\"section\" data-e-type=\"section\" data-settings=\"{&quot;stretch_section&quot;:&quot;section-stretched&quot;}\">\n\n                \n                <div class=\"elementor-container elementor-column-gap-extended\">\n                <div class=\"elementor-column elementor-col-100 elementor-top-column elementor-element elementor-element-c6f2647 pxl-column-none pxl-column-overflow-hidden-no\" data-id=\"c6f2647\" data-element_type=\"column\" data-e-type=\"column\">\r\n        <div class=\"elementor-widget-wrap elementor-element-populated\">\r\n                     \r\n        \t\t<div class=\"elementor-element elementor-element-3ef66d6 elementor-widget elementor-widget-pxl_fillter_showcase\" data-id=\"3ef66d6\" data-element_type=\"widget\" data-e-type=\"widget\" data-widget_type=\"pxl_fillter_showcase.default\">\n\t\t\t\t<div class=\"elementor-widget-container\">\n\t\t\t\t\t\n<div class=\"pxl-grid pxl-showcase-grid pxl-showcase-grid1 pxl-showcase-layout1 default\" data-layout=\"fitRows\">\n        <div class=\"pxl-el-divider visible\"><\/div>\n        <div id=\"pxl-gallery-6a046dce0620d\" class=\"pxl-grid-inner pxl-grid-masonry row\" data-gutter=\"15\" data-layout=\"Array\">\n        <div class=\"grid-sizer col-xl-4 col-lg-4 col-md-6 col-sm-6 col-12\"><\/div>\n                    <div class=\"pxl-grid-item col-xl-4 col-lg-4 col-md-6 col-sm-6 col-12\">\n                <div class=\"pxl-item--inner\">\n                                            <div class=\"pxl-item--image\">\n                            <img fetchpriority=\"high\" decoding=\"async\" class=\"no-lazyload\" src=\"https:\/\/tradeintr.com\/wp-content\/uploads\/2025\/10\/foto-2-scaled-1000x1000.jpg\" width=\"1000\" height=\"1000\" alt=\"foto (2)\" title=\"foto (2)\" \/>                            <a href=\"https:\/\/tradeintr.com\/wp-content\/uploads\/2025\/10\/foto-2-scaled-1000x1000.jpg\" class=\"lightbox\" data-elementor-lightbox-slideshow=\"pxl-gallery-6a046dce0620d\"><i class=\"fas fa-eye\"><\/i><\/a>\n                        <\/div>\n                                     <\/div>\n             <\/div>\n                     <div class=\"pxl-grid-item col-xl-4 col-lg-4 col-md-6 col-sm-6 col-12\">\n                <div class=\"pxl-item--inner\">\n                                            <div class=\"pxl-item--image\">\n                            <img decoding=\"async\" class=\"no-lazyload\" src=\"https:\/\/tradeintr.com\/wp-content\/uploads\/2025\/10\/foto-3-scaled-1000x1000.jpg\" width=\"1000\" height=\"1000\" alt=\"foto (3)\" title=\"foto (3)\" \/>                            <a href=\"https:\/\/tradeintr.com\/wp-content\/uploads\/2025\/10\/foto-3-scaled-1000x1000.jpg\" class=\"lightbox\" data-elementor-lightbox-slideshow=\"pxl-gallery-6a046dce0620d\"><i class=\"fas fa-eye\"><\/i><\/a>\n                        <\/div>\n                                     <\/div>\n             <\/div>\n                     <div class=\"pxl-grid-item col-xl-4 col-lg-4 col-md-6 col-sm-12 col-12\">\n                <div class=\"pxl-item--inner\">\n                                            <div class=\"pxl-item--image\">\n                            <img decoding=\"async\" class=\"no-lazyload\" src=\"https:\/\/tradeintr.com\/wp-content\/uploads\/2025\/10\/foto-4-scaled-1000x1000.jpg\" width=\"1000\" height=\"1000\" alt=\"foto (4)\" title=\"foto (4)\" \/>                            <a href=\"https:\/\/tradeintr.com\/wp-content\/uploads\/2025\/10\/foto-4-scaled-1000x1000.jpg\" class=\"lightbox\" data-elementor-lightbox-slideshow=\"pxl-gallery-6a046dce0620d\"><i class=\"fas fa-eye\"><\/i><\/a>\n                        <\/div>\n                                     <\/div>\n             <\/div>\n                     <div class=\"pxl-grid-item col-xl-6 col-lg-6 col-md-6 col-sm-6 col-12\">\n                <div class=\"pxl-item--inner\">\n                                            <div class=\"pxl-item--image\">\n                            <img loading=\"lazy\" decoding=\"async\" class=\"no-lazyload\" src=\"https:\/\/tradeintr.com\/wp-content\/uploads\/2025\/10\/foto-5-scaled-1260x680.jpg\" width=\"1260\" height=\"680\" alt=\"foto (5)\" title=\"foto (5)\" \/>                            <a href=\"https:\/\/tradeintr.com\/wp-content\/uploads\/2025\/10\/foto-5-scaled-1260x680.jpg\" class=\"lightbox\" data-elementor-lightbox-slideshow=\"pxl-gallery-6a046dce0620d\"><i class=\"fas fa-eye\"><\/i><\/a>\n                        <\/div>\n                                     <\/div>\n             <\/div>\n                     <div class=\"pxl-grid-item col-xl-6 col-lg-6 col-md-6 col-sm-6 col-12\">\n                <div class=\"pxl-item--inner\">\n                                            <div class=\"pxl-item--image\">\n                            <img loading=\"lazy\" decoding=\"async\" class=\"no-lazyload\" src=\"https:\/\/tradeintr.com\/wp-content\/uploads\/2025\/10\/foto-6-scaled-1260x680.jpg\" width=\"1260\" height=\"680\" alt=\"foto (6)\" title=\"foto (6)\" \/>                            <a href=\"https:\/\/tradeintr.com\/wp-content\/uploads\/2025\/10\/foto-6-scaled-1260x680.jpg\" class=\"lightbox\" data-elementor-lightbox-slideshow=\"pxl-gallery-6a046dce0620d\"><i class=\"fas fa-eye\"><\/i><\/a>\n                        <\/div>\n                                     <\/div>\n             <\/div>\n                     <div class=\"pxl-grid-item col-xl-12 col-lg-12 col-md-12 col-sm-12 col-12\">\n                <div class=\"pxl-item--inner\">\n                                            <div class=\"pxl-item--image\">\n                            <img loading=\"lazy\" decoding=\"async\" class=\"no-lazyload\" src=\"https:\/\/tradeintr.com\/wp-content\/uploads\/2025\/10\/foto-10-scaled-1290x340.jpg\" width=\"1290\" height=\"340\" alt=\"foto (10)\" title=\"foto (10)\" \/>                            <a href=\"https:\/\/tradeintr.com\/wp-content\/uploads\/2025\/10\/foto-10-scaled-1290x340.jpg\" class=\"lightbox\" data-elementor-lightbox-slideshow=\"pxl-gallery-6a046dce0620d\"><i class=\"fas fa-eye\"><\/i><\/a>\n                        <\/div>\n                                     <\/div>\n             <\/div>\n                     <div class=\"pxl-grid-item col-xl-12 col-lg-12 col-md-12 col-sm-12 col-12\">\n                <div class=\"pxl-item--inner\">\n                                            <div class=\"pxl-item--image\">\n                            <img loading=\"lazy\" decoding=\"async\" class=\"no-lazyload\" src=\"https:\/\/tradeintr.com\/wp-content\/uploads\/2025\/10\/foto-7-scaled-1290x340.jpg\" width=\"1290\" height=\"340\" alt=\"foto (7)\" title=\"foto (7)\" \/>                            <a href=\"https:\/\/tradeintr.com\/wp-content\/uploads\/2025\/10\/foto-7-scaled-1290x340.jpg\" class=\"lightbox\" data-elementor-lightbox-slideshow=\"pxl-gallery-6a046dce0620d\"><i class=\"fas fa-eye\"><\/i><\/a>\n                        <\/div>\n                                     <\/div>\n             <\/div>\n                     <div class=\"pxl-grid-item col-xl-12 col-lg-12 col-md-12 col-sm-12 col-12\">\n                <div class=\"pxl-item--inner\">\n                                            <div class=\"pxl-item--image\">\n                            <img loading=\"lazy\" decoding=\"async\" class=\"no-lazyload\" src=\"https:\/\/tradeintr.com\/wp-content\/uploads\/2025\/10\/foto-1-scaled-1290x340.jpg\" width=\"1290\" height=\"340\" alt=\"foto (1)\" title=\"foto (1)\" \/>                            <a href=\"https:\/\/tradeintr.com\/wp-content\/uploads\/2025\/10\/foto-1-scaled-1290x340.jpg\" class=\"lightbox\" data-elementor-lightbox-slideshow=\"pxl-gallery-6a046dce0620d\"><i class=\"fas fa-eye\"><\/i><\/a>\n                        <\/div>\n                                     <\/div>\n             <\/div>\n                     <div class=\"pxl-grid-item col-xl-12 col-lg-12 col-md-12 col-sm-12 col-12\">\n                <div class=\"pxl-item--inner\">\n                                            <div class=\"pxl-item--image\">\n                            <img loading=\"lazy\" decoding=\"async\" class=\"no-lazyload\" src=\"https:\/\/tradeintr.com\/wp-content\/uploads\/2025\/10\/foto-9-scaled-1290x340.jpg\" width=\"1290\" height=\"340\" alt=\"foto (9)\" title=\"foto (9)\" \/>                            <a href=\"https:\/\/tradeintr.com\/wp-content\/uploads\/2025\/10\/foto-9-scaled-1290x340.jpg\" class=\"lightbox\" data-elementor-lightbox-slideshow=\"pxl-gallery-6a046dce0620d\"><i class=\"fas fa-eye\"><\/i><\/a>\n                        <\/div>\n                                     <\/div>\n             <\/div>\n                     <div class=\"pxl-grid-item col-xl-12 col-lg-12 col-md-12 col-sm-12 col-12\">\n                <div class=\"pxl-item--inner\">\n                                            <div class=\"pxl-item--image\">\n                            <img loading=\"lazy\" decoding=\"async\" class=\"no-lazyload\" src=\"https:\/\/tradeintr.com\/wp-content\/uploads\/2025\/07\/Community-Tradinter-5-1024x340.webp\" width=\"1024\" height=\"340\" alt=\"Community-Tradinter-5\" title=\"Community-Tradinter-5\" \/>                            <a href=\"https:\/\/tradeintr.com\/wp-content\/uploads\/2025\/07\/Community-Tradinter-5-1024x340.webp\" class=\"lightbox\" data-elementor-lightbox-slideshow=\"pxl-gallery-6a046dce0620d\"><i class=\"fas fa-eye\"><\/i><\/a>\n                        <\/div>\n                                     <\/div>\n             <\/div>\n                     <div class=\"pxl-grid-item col-xl-12 col-lg-12 col-md-12 col-sm-12 col-12\">\n                <div class=\"pxl-item--inner\">\n                                            <div class=\"pxl-item--image\">\n                            <img loading=\"lazy\" decoding=\"async\" class=\"no-lazyload\" src=\"https:\/\/tradeintr.com\/wp-content\/uploads\/2025\/07\/Community-Tradinter-2-1024x340.webp\" width=\"1024\" height=\"340\" alt=\"Community-Tradinter-2\" title=\"Community-Tradinter-2\" \/>                            <a href=\"https:\/\/tradeintr.com\/wp-content\/uploads\/2025\/07\/Community-Tradinter-2-1024x340.webp\" class=\"lightbox\" data-elementor-lightbox-slideshow=\"pxl-gallery-6a046dce0620d\"><i class=\"fas fa-eye\"><\/i><\/a>\n                        <\/div>\n                                     <\/div>\n             <\/div>\n                     <div class=\"pxl-grid-item col-xl-12 col-lg-12 col-md-12 col-sm-12 col-12\">\n                <div class=\"pxl-item--inner\">\n                                            <div class=\"pxl-item--image\">\n                            <img loading=\"lazy\" decoding=\"async\" class=\"no-lazyload\" src=\"https:\/\/tradeintr.com\/wp-content\/uploads\/2025\/07\/Community-Tradinter-1-1024x340.webp\" width=\"1024\" height=\"340\" alt=\"Community-Tradinter-1\" title=\"Community-Tradinter-1\" \/>                            <a href=\"https:\/\/tradeintr.com\/wp-content\/uploads\/2025\/07\/Community-Tradinter-1-1024x340.webp\" class=\"lightbox\" data-elementor-lightbox-slideshow=\"pxl-gallery-6a046dce0620d\"><i class=\"fas fa-eye\"><\/i><\/a>\n                        <\/div>\n                                     <\/div>\n             <\/div>\n                     <div class=\"pxl-grid-item col-xl-12 col-lg-12 col-md-12 col-sm-12 col-12\">\n                <div class=\"pxl-item--inner\">\n                                            <div class=\"pxl-item--image\">\n                            <img loading=\"lazy\" decoding=\"async\" class=\"no-lazyload\" src=\"https:\/\/tradeintr.com\/wp-content\/uploads\/2025\/07\/Community-Tradinter-3-1024x340.webp\" width=\"1024\" height=\"340\" alt=\"Community-Tradinter-3\" title=\"Community-Tradinter-3\" \/>                            <a href=\"https:\/\/tradeintr.com\/wp-content\/uploads\/2025\/07\/Community-Tradinter-3-1024x340.webp\" class=\"lightbox\" data-elementor-lightbox-slideshow=\"pxl-gallery-6a046dce0620d\"><i class=\"fas fa-eye\"><\/i><\/a>\n                        <\/div>\n                                     <\/div>\n             <\/div>\n                     <div class=\"pxl-grid-item col-xl-12 col-lg-12 col-md-12 col-sm-12 col-12\">\n                <div class=\"pxl-item--inner\">\n                                            <div class=\"pxl-item--image\">\n                            <img loading=\"lazy\" decoding=\"async\" class=\"no-lazyload\" src=\"https:\/\/tradeintr.com\/wp-content\/uploads\/2025\/07\/Community-Tradinter-4-1024x340.webp\" width=\"1024\" height=\"340\" alt=\"Community-Tradinter-4\" title=\"Community-Tradinter-4\" \/>                            <a href=\"https:\/\/tradeintr.com\/wp-content\/uploads\/2025\/07\/Community-Tradinter-4-1024x340.webp\" class=\"lightbox\" data-elementor-lightbox-slideshow=\"pxl-gallery-6a046dce0620d\"><i class=\"fas fa-eye\"><\/i><\/a>\n                        <\/div>\n                                     <\/div>\n             <\/div>\n              <\/div>\n <\/div>\n\t\t\t\t<\/div>\n\t\t\t\t<\/div>\n\t\t            <\/div>\r\n        <\/div>\r\n        \t\t\t<\/div>\n\t\t<\/section>\n\t\t\t\t<\/div>\n\t\t\n    <div class=\"xs_social_share_widget xs_share_url after_content \t\tmain_content  wslu-style-1 wslu-share-box-shaped wslu-fill-colored wslu-none wslu-share-horizontal wslu-theme-font-no wslu-main_content\">\n\n\t\t\n        <ul>\n\t\t\t        <\/ul>\n    <\/div>","protected":false},"excerpt":{"rendered":"<p>Sustentabilidade Na nossa vis\u00e3o, o crescimento empresarial s\u00f3 faz sentido quando caminha lado a lado com o progresso social e ambiental das comunidades onde actuamos. Sustentabilidade Acreditamos em retribuir a comunidade em que trabalhamos e vivemos Nosso objectivo \u00e9 desenvolver a nossa for\u00e7a de trabalho por meio de forma\u00e7\u00e3o, desenvolvimento e promo\u00e7\u00e3o de crescimento na [&hellip;]<\/p>\n","protected":false},"author":1,"featured_media":0,"parent":0,"menu_order":0,"comment_status":"closed","ping_status":"closed","template":"","meta":{"postBodyCss":"","postBodyMargin":[],"postBodyPadding":[],"postBodyBackground":{"backgroundType":"classic","gradient":""},"footnotes":""},"class_list":["post-180","page","type-page","status-publish","hentry"],"_links":{"self":[{"href":"https:\/\/tradeintr.com\/en\/wp-json\/wp\/v2\/pages\/180","targetHints":{"allow":["GET"]}}],"collection":[{"href":"https:\/\/tradeintr.com\/en\/wp-json\/wp\/v2\/pages"}],"about":[{"href":"https:\/\/tradeintr.com\/en\/wp-json\/wp\/v2\/types\/page"}],"author":[{"embeddable":true,"href":"https:\/\/tradeintr.com\/en\/wp-json\/wp\/v2\/users\/1"}],"replies":[{"embeddable":true,"href":"https:\/\/tradeintr.com\/en\/wp-json\/wp\/v2\/comments?post=180"}],"version-history":[{"count":83,"href":"https:\/\/tradeintr.com\/en\/wp-json\/wp\/v2\/pages\/180\/revisions"}],"predecessor-version":[{"id":20684,"href":"https:\/\/tradeintr.com\/en\/wp-json\/wp\/v2\/pages\/180\/revisions\/20684"}],"wp:attachment":[{"href":"https:\/\/tradeintr.com\/en\/wp-json\/wp\/v2\/media?parent=180"}],"curies":[{"name":"wp","href":"https:\/\/api.w.org\/{rel}","templated":true}]}}