{"id":198,"date":"2024-04-16T02:42:05","date_gmt":"2024-04-16T02:42:05","guid":{"rendered":"https:\/\/demo.bravisthemes.com\/herrington\/?page_id=198"},"modified":"2026-03-24T14:59:58","modified_gmt":"2026-03-24T14:59:58","slug":"nossos-negocios","status":"publish","type":"page","link":"https:\/\/tradeintr.com\/en\/nossos-negocios\/","title":{"rendered":"Our Business"},"content":{"rendered":"<div data-elementor-type=\"wp-page\" data-elementor-id=\"198\" class=\"elementor elementor-198\" data-elementor-post-type=\"page\">\n\t\t\t\t        <section class=\"elementor-section elementor-top-section elementor-element elementor-element-04d836f elementor-section-stretched elementor-section-height-min-height elementor-section-boxed elementor-section-height-default elementor-section-items-middle pxl-row-scroll-none pxl-zoom-point-false pxl-section-overflow-visible\" data-id=\"04d836f\" data-element_type=\"section\" data-e-type=\"section\" data-settings=\"{&quot;stretch_section&quot;:&quot;section-stretched&quot;,&quot;background_background&quot;:&quot;classic&quot;}\">\n\n                            <div class=\"elementor-background-overlay\"><\/div>\n            \n                <div class=\"elementor-container elementor-column-gap-extended\">\n                <div class=\"elementor-column elementor-col-100 elementor-top-column elementor-element elementor-element-58b4e40 pxl-column-none pxl-column-overflow-hidden-no\" data-id=\"58b4e40\" data-element_type=\"column\" data-e-type=\"column\">\r\n        <div class=\"elementor-widget-wrap elementor-element-populated\">\r\n                     \r\n        \t\t<div class=\"elementor-element elementor-element-6ad2d26 elementor-widget elementor-widget-pxl_heading\" data-id=\"6ad2d26\" data-element_type=\"widget\" data-e-type=\"widget\" data-widget_type=\"pxl_heading.default\">\n\t\t\t\t<div class=\"elementor-widget-container\">\n\t\t\t\t\t\n<div id=\"pxl-pxl_heading-6ad2d26-5553\" class=\"pxl-heading px-sub-title-default-style\">\n\t<div class=\"pxl-heading--inner\">\n\t\t\n\t\t<h3 class=\"pxl-item--title style-default ft-gt highlight-default\" data-wow-delay=\"ms\">\n\t\t\t\t\t\t\tOur Business\t\n\t\t\t\t\n\t\t<\/h3>\n\t\t\n\t<\/div>\n<\/div>\t\t\t\t<\/div>\n\t\t\t\t<\/div>\n\t\t\t\t<div class=\"elementor-element elementor-element-344b700 elementor-widget elementor-widget-pxl_text_editor\" data-id=\"344b700\" data-element_type=\"widget\" data-e-type=\"widget\" data-widget_type=\"pxl_text_editor.default\">\n\t\t\t\t<div class=\"elementor-widget-container\">\n\t\t\t\t\t<div class=\"pxl-text-editor\">\n\t<div class=\"pxl-item--inner\" data-wow-delay=\"ms\">\n\t\t<p>We provide specialised services focused on quality, efficiency and tangible results.<\/p>\t\t\n\t<\/div>\n<\/div>\t\t\t\t<\/div>\n\t\t\t\t<\/div>\n\t\t\t\t<div class=\"elementor-element elementor-element-2fdcdae elementor-widget-divider--view-line elementor-widget elementor-widget-divider\" data-id=\"2fdcdae\" data-element_type=\"widget\" data-e-type=\"widget\" data-widget_type=\"divider.default\">\n\t\t\t\t\t\t\t<div class=\"elementor-divider\">\n\t\t\t<span class=\"elementor-divider-separator\">\n\t\t\t\t\t\t<\/span>\n\t\t<\/div>\n\t\t\t\t\t\t<\/div>\n\t\t\t\t<div class=\"elementor-element elementor-element-be837f4 elementor-widget-divider--view-line elementor-widget elementor-widget-divider\" data-id=\"be837f4\" data-element_type=\"widget\" data-e-type=\"widget\" data-widget_type=\"divider.default\">\n\t\t\t\t\t\t\t<div class=\"elementor-divider\">\n\t\t\t<span class=\"elementor-divider-separator\">\n\t\t\t\t\t\t<\/span>\n\t\t<\/div>\n\t\t\t\t\t\t<\/div>\n\t\t            <\/div>\r\n        <\/div>\r\n        \t\t\t<\/div>\n\t\t<\/section>\n\t\t        <section class=\"elementor-section elementor-top-section elementor-element elementor-element-11abaa7 elementor-section-stretched elementor-hidden-mobile elementor-section-boxed elementor-section-height-default elementor-section-height-default pxl-row-scroll-none pxl-zoom-point-false pxl-section-overflow-visible\" data-id=\"11abaa7\" data-element_type=\"section\" data-e-type=\"section\" data-settings=\"{&quot;stretch_section&quot;:&quot;section-stretched&quot;,&quot;background_background&quot;:&quot;gradient&quot;}\">\n\n                            <div class=\"elementor-background-overlay\"><\/div>\n            \n                <div class=\"elementor-container elementor-column-gap-default\">\n                <div class=\"elementor-column elementor-col-100 elementor-top-column elementor-element elementor-element-59ac407 pxl-column-overflow-hidden-yes pxl-column-none\" data-id=\"59ac407\" data-element_type=\"column\" data-e-type=\"column\">\r\n        <div class=\"elementor-widget-wrap elementor-element-populated\">\r\n                     \r\n        \t\t<div class=\"elementor-element elementor-element-4d13eaf elementor-widget__width-auto elementor-absolute animated-slow elementor-invisible elementor-widget elementor-widget-pxl_image\" data-id=\"4d13eaf\" data-element_type=\"widget\" data-e-type=\"widget\" data-settings=\"{&quot;_position&quot;:&quot;absolute&quot;,&quot;_animation&quot;:&quot;fadeInRight&quot;}\" data-widget_type=\"pxl_image.default\">\n\t\t\t\t<div class=\"elementor-widget-container\">\n\t\t\t\t\t<div id=\"pxl_image-4d13eaf-3175\" class=\"pxl-image-single df pxl-disable-parallax-sm pxl-hide-sr-lg\" data-wow-delay=\"ms\"  >\r\n    <div class=\"pxl-item--inner\" data-wow-delay=\"120ms\">\r\n        \r\n                    <div class=\"pxl-item--image df\" data-parallax-value=\"\">\r\n                                <img fetchpriority=\"high\" decoding=\"async\" width=\"527\" height=\"527\" src=\"https:\/\/tradeintr.com\/wp-content\/uploads\/2024\/07\/c3.png\" class=\"no-lazyload attachment-full\" alt=\"\" \/>                                            <\/div>\r\n                \r\n    <\/div>\r\n<\/div>\t\t\t\t<\/div>\n\t\t\t\t<\/div>\n\t\t\t\t<div class=\"elementor-element elementor-element-4948cef elementor-widget__width-auto elementor-absolute animated-slow elementor-invisible elementor-widget elementor-widget-pxl_image\" data-id=\"4948cef\" data-element_type=\"widget\" data-e-type=\"widget\" data-settings=\"{&quot;_position&quot;:&quot;absolute&quot;,&quot;_animation&quot;:&quot;fadeInDown&quot;}\" data-widget_type=\"pxl_image.default\">\n\t\t\t\t<div class=\"elementor-widget-container\">\n\t\t\t\t\t<div id=\"pxl_image-4948cef-7657\" class=\"pxl-image-single df pxl-disable-parallax-sm pxl-hide-sr-lg\" data-wow-delay=\"ms\"  >\r\n    <div class=\"pxl-item--inner\" data-wow-delay=\"120ms\">\r\n        \r\n                    <div class=\"pxl-item--image df\" data-parallax-value=\"\">\r\n                                <img fetchpriority=\"high\" decoding=\"async\" width=\"527\" height=\"527\" src=\"https:\/\/tradeintr.com\/wp-content\/uploads\/2024\/07\/c3.png\" class=\"no-lazyload attachment-full\" alt=\"\" \/>                                            <\/div>\r\n                \r\n    <\/div>\r\n<\/div>\t\t\t\t<\/div>\n\t\t\t\t<\/div>\n\t\t        <section class=\"elementor-section elementor-inner-section elementor-element elementor-element-a716bdc elementor-section-boxed elementor-section-height-default elementor-section-height-default pxl-row-scroll-none pxl-zoom-point-false pxl-section-overflow-visible\" data-id=\"a716bdc\" data-element_type=\"section\" data-e-type=\"section\">\n\n                \n                <div class=\"elementor-container elementor-column-gap-default\">\n                <div class=\"elementor-column elementor-col-100 elementor-inner-column elementor-element elementor-element-6ed85e0 pxl-column-none pxl-column-overflow-hidden-no\" data-id=\"6ed85e0\" data-element_type=\"column\" data-e-type=\"column\">\r\n        <div class=\"elementor-widget-wrap elementor-element-populated\">\r\n                     \r\n        \t\t<div class=\"elementor-element elementor-element-f49bf73 ft-gt elementor-widget elementor-widget-pxl_heading\" data-id=\"f49bf73\" data-element_type=\"widget\" data-e-type=\"widget\" data-widget_type=\"pxl_heading.default\">\n\t\t\t\t<div class=\"elementor-widget-container\">\n\t\t\t\t\t\n<div id=\"pxl-pxl_heading-f49bf73-1000\" class=\"pxl-heading px-sub-title-default-style\">\n\t<div class=\"pxl-heading--inner\">\n\t\t\t\t\t<div class=\"pxl-item--subtitle px-sub-title-default\" data-wow-delay=\"ms\">\n\t\t\t\t<span class=\"pxl-item--subtext\">\n\t\t\t\t\t\t\t\t\t\tExplore our Expertise\t\t\t\t<\/span>\n\t\t\t<\/div>\n\t\t\n\t\t<h3 class=\"pxl-item--title style-default ft-gt highlight-default pxl-split-text split-in-fade\" data-wow-delay=\"ms\">\n\t\t\t\t\t\t\tOur Services\t\n\t\t\t\t\n\t\t<\/h3>\n\t\t\n\t<\/div>\n<\/div>\t\t\t\t<\/div>\n\t\t\t\t<\/div>\n\t\t\t\t<div class=\"elementor-element elementor-element-8517df7 elementor-widget elementor-widget-pxl_text_editor\" data-id=\"8517df7\" data-element_type=\"widget\" data-e-type=\"widget\" data-widget_type=\"pxl_text_editor.default\">\n\t\t\t\t<div class=\"elementor-widget-container\">\n\t\t\t\t\t<div class=\"pxl-text-editor\">\n\t<div class=\"pxl-item--inner\" data-wow-delay=\"ms\">\n\t\t<p>We provide the best services, ensuring the growth of our partners<\/p>\t\t\n\t<\/div>\n<\/div>\t\t\t\t<\/div>\n\t\t\t\t<\/div>\n\t\t\t\t<div class=\"elementor-element elementor-element-449128e elementor-widget elementor-widget-html\" data-id=\"449128e\" data-element_type=\"widget\" data-e-type=\"widget\" data-widget_type=\"html.default\">\n\t\t\t\t\t<style>\n    .card-consultoria {\n  width: 200px;\n  height: 340px;\n  border-radius: 150px \/ 150px; \/* \ud83d\udd25 ELIPSE *\/\n  border: 5px #0465db solid;\n  text-align: center;\n  padding: 0px;\n  display: flex;\n  flex-direction: column;\n  align-items: center;\n}\n .card-logistica {\n  width: 200px;\n  height: 340px;\n  border-radius: 150px \/ 150px; \/* \ud83d\udd25 ELIPSE *\/\n  border: 5px #fa4339 solid;\n  text-align: center;\n  padding: 0px;\n  display: flex;\n  flex-direction: column;\n  align-items: center;\n}\n .card-manutencao {\n  width: 200px;\n  height: 340px;\n  border-radius: 150px \/ 150px; \/* \ud83d\udd25 ELIPSE *\/\n  border: 5px #fed200 solid;\n  text-align: center;\n  padding: 0px;\n  display: flex;\n  flex-direction: column;\n  align-items: center;\n}\n .card-controlo {\n  width: 200px;\n  height: 340px;\n  border-radius: 150px \/ 150px; \/* \ud83d\udd25 ELIPSE *\/\n  border: 5px #41b02a solid;\n  text-align: center;\n  padding: 0px;\n  display: flex;\n  flex-direction: column;\n  align-items: center;\n}\n .card-drones {\n  width: 200px;\n  height: 340px;\n  border-radius: 150px \/ 150px; \/* \ud83d\udd25 ELIPSE *\/\n  border: 5px #2bd9c7 solid;\n  text-align: center;\n  padding: 0px;\n  display: flex;\n  flex-direction: column;\n  align-items: center;\n}\n<\/style>\t\t\t\t<\/div>\n\t\t\t\t<div class=\"elementor-element elementor-element-96856dd elementor-widget-divider--view-line elementor-widget elementor-widget-divider\" data-id=\"96856dd\" data-element_type=\"widget\" data-e-type=\"widget\" data-widget_type=\"divider.default\">\n\t\t\t\t\t\t\t<div class=\"elementor-divider\">\n\t\t\t<span class=\"elementor-divider-separator\">\n\t\t\t\t\t\t<\/span>\n\t\t<\/div>\n\t\t\t\t\t\t<\/div>\n\t\t\t\t<div class=\"elementor-element elementor-element-5526d9b elementor-widget__width-auto elementor-widget elementor-widget-pxl_divider\" data-id=\"5526d9b\" data-element_type=\"widget\" data-e-type=\"widget\" data-widget_type=\"pxl_divider.default\">\n\t\t\t\t<div class=\"elementor-widget-container\">\n\t\t\t\t\t<div class=\"pxl-el-divider\" data-wow-delay=\"ms\"><\/div>\t\t\t\t<\/div>\n\t\t\t\t<\/div>\n\t\t            <\/div>\r\n        <\/div>\r\n        \t\t\t<\/div>\n\t\t<\/section>\n\t\t            <\/div>\r\n        <\/div>\r\n        \t\t\t<\/div>\n\t\t<\/section>\n\t\t        <section class=\"elementor-section elementor-top-section elementor-element elementor-element-5e6821d elementor-section-stretched elementor-section-height-min-height elementor-section-boxed elementor-section-height-default elementor-section-items-middle pxl-row-scroll-none pxl-zoom-point-false pxl-section-overflow-visible\" data-id=\"5e6821d\" data-element_type=\"section\" data-e-type=\"section\" data-settings=\"{&quot;stretch_section&quot;:&quot;section-stretched&quot;}\">\n\n                \n                <div class=\"elementor-container elementor-column-gap-custom\">\n                <div class=\"elementor-column elementor-col-20 elementor-top-column elementor-element elementor-element-b8f2cc1 hv-dvd pxl-column-none pxl-column-overflow-hidden-no\" data-id=\"b8f2cc1\" data-element_type=\"column\" data-e-type=\"column\">\r\n        <div class=\"elementor-widget-wrap elementor-element-populated\">\r\n                     \r\n        <div class=\"elementor-element elementor-element-ebc0d9d card-consultoria e-flex e-con-boxed e-con e-parent\" data-id=\"ebc0d9d\" data-element_type=\"container\" data-e-type=\"container\">\t\t\t<div class=\"e-con-inner\">\r\n\t\t\t\t<div class=\"elementor-element elementor-element-128bb04 elementor-widget elementor-widget-image\" data-id=\"128bb04\" data-element_type=\"widget\" data-e-type=\"widget\" data-widget_type=\"image.default\">\n\t\t\t\t\t\t\t\t\t\t\t\t\t\t\t<img decoding=\"async\" width=\"175\" height=\"179\" src=\"https:\/\/tradeintr.com\/wp-content\/uploads\/2026\/02\/Untitled-1-copy-copiar.png\" class=\"attachment-large size-large wp-image-20356\" alt=\"\" \/>\t\t\t\t\t\t\t\t\t\t\t\t\t\t\t<\/div>\n\t\t\t\t<div class=\"elementor-element elementor-element-34c67e3 elementor-widget elementor-widget-image\" data-id=\"34c67e3\" data-element_type=\"widget\" data-e-type=\"widget\" data-widget_type=\"image.default\">\n\t\t\t\t\t\t\t\t\t\t\t\t\t\t\t<img decoding=\"async\" width=\"1024\" height=\"374\" src=\"https:\/\/tradeintr.com\/wp-content\/uploads\/2026\/05\/Imagem1.png\" class=\"attachment-large size-large wp-image-19698\" alt=\"\" srcset=\"https:\/\/tradeintr.com\/wp-content\/uploads\/2026\/05\/Imagem1.png 155w, https:\/\/tradeintr.com\/wp-content\/uploads\/2026\/05\/Imagem1-18x7.png 18w\" sizes=\"(max-width: 1024px) 100vw, 1024px\" \/>\t\t\t\t\t\t\t\t\t\t\t\t\t\t\t<\/div>\n\t\t\t\t\t<\/div>\r\n\t\t\t\t<\/div>\r\n\t\t            <\/div>\r\n        <\/div>\r\n                <div class=\"elementor-column elementor-col-20 elementor-top-column elementor-element elementor-element-c4c1a7c hv-dvd pxl-column-none pxl-column-overflow-hidden-no\" data-id=\"c4c1a7c\" data-element_type=\"column\" data-e-type=\"column\">\r\n        <div class=\"elementor-widget-wrap elementor-element-populated\">\r\n                     \r\n        <div class=\"elementor-element elementor-element-cfd36e7 card-logistica e-flex e-con-boxed e-con e-parent\" data-id=\"cfd36e7\" data-element_type=\"container\" data-e-type=\"container\">\t\t\t<div class=\"e-con-inner\">\r\n\t\t\t\t<div class=\"elementor-element elementor-element-3126bfb elementor-widget elementor-widget-image\" data-id=\"3126bfb\" data-element_type=\"widget\" data-e-type=\"widget\" data-widget_type=\"image.default\">\n\t\t\t\t\t\t\t\t\t\t\t\t\t\t\t<img loading=\"lazy\" decoding=\"async\" width=\"175\" height=\"179\" src=\"https:\/\/tradeintr.com\/wp-content\/uploads\/2026\/02\/Untitled-2-copy-copiar-1.png\" class=\"attachment-large size-large wp-image-20358\" alt=\"\" \/>\t\t\t\t\t\t\t\t\t\t\t\t\t\t\t<\/div>\n\t\t\t\t<div class=\"elementor-element elementor-element-3b8d2c8 elementor-widget elementor-widget-image\" data-id=\"3b8d2c8\" data-element_type=\"widget\" data-e-type=\"widget\" data-widget_type=\"image.default\">\n\t\t\t\t\t\t\t\t\t\t\t\t\t\t\t<img loading=\"lazy\" decoding=\"async\" width=\"1024\" height=\"374\" src=\"https:\/\/tradeintr.com\/wp-content\/uploads\/2026\/05\/Imagem2.png\" class=\"attachment-large size-large wp-image-19478\" alt=\"\" srcset=\"https:\/\/tradeintr.com\/wp-content\/uploads\/2026\/05\/Imagem2.png 149w, https:\/\/tradeintr.com\/wp-content\/uploads\/2026\/05\/Imagem2-18x7.png 18w\" sizes=\"(max-width: 1024px) 100vw, 1024px\" \/>\t\t\t\t\t\t\t\t\t\t\t\t\t\t\t<\/div>\n\t\t\t\t\t<\/div>\r\n\t\t\t\t<\/div>\r\n\t\t            <\/div>\r\n        <\/div>\r\n                <div class=\"elementor-column elementor-col-20 elementor-top-column elementor-element elementor-element-26bdac4 hv-dvd pxl-column-none pxl-column-overflow-hidden-no\" data-id=\"26bdac4\" data-element_type=\"column\" data-e-type=\"column\">\r\n        <div class=\"elementor-widget-wrap elementor-element-populated\">\r\n                     \r\n        <div class=\"elementor-element elementor-element-307b178 card-manutencao e-flex e-con-boxed e-con e-parent\" data-id=\"307b178\" data-element_type=\"container\" data-e-type=\"container\">\t\t\t<div class=\"e-con-inner\">\r\n\t\t\t\t<div class=\"elementor-element elementor-element-41c527c elementor-widget elementor-widget-image\" data-id=\"41c527c\" data-element_type=\"widget\" data-e-type=\"widget\" data-widget_type=\"image.default\">\n\t\t\t\t\t\t\t\t\t\t\t\t\t\t\t<img loading=\"lazy\" decoding=\"async\" width=\"175\" height=\"179\" src=\"https:\/\/tradeintr.com\/wp-content\/uploads\/2026\/02\/Untitled-4copy-copiar.png\" class=\"attachment-large size-large wp-image-20359\" alt=\"\" \/>\t\t\t\t\t\t\t\t\t\t\t\t\t\t\t<\/div>\n\t\t\t\t<div class=\"elementor-element elementor-element-b65458a elementor-widget elementor-widget-image\" data-id=\"b65458a\" data-element_type=\"widget\" data-e-type=\"widget\" data-widget_type=\"image.default\">\n\t\t\t\t\t\t\t\t\t\t\t\t\t\t\t<img loading=\"lazy\" decoding=\"async\" width=\"606\" height=\"221\" src=\"https:\/\/tradeintr.com\/wp-content\/uploads\/2026\/05\/Imagem3.png\" class=\"attachment-large size-large wp-image-20753\" alt=\"\" srcset=\"https:\/\/tradeintr.com\/wp-content\/uploads\/2026\/05\/Imagem3.png 144w, https:\/\/tradeintr.com\/wp-content\/uploads\/2026\/05\/Imagem3-18x7.png 18w\" sizes=\"(max-width: 606px) 100vw, 606px\" \/>\t\t\t\t\t\t\t\t\t\t\t\t\t\t\t<\/div>\n\t\t\t\t\t<\/div>\r\n\t\t\t\t<\/div>\r\n\t\t            <\/div>\r\n        <\/div>\r\n                <div class=\"elementor-column elementor-col-20 elementor-top-column elementor-element elementor-element-d2c992c hv-dvd pxl-column-none pxl-column-overflow-hidden-no\" data-id=\"d2c992c\" data-element_type=\"column\" data-e-type=\"column\">\r\n        <div class=\"elementor-widget-wrap elementor-element-populated\">\r\n                     \r\n        <div class=\"elementor-element elementor-element-107b316 card-controlo e-flex e-con-boxed e-con e-parent\" data-id=\"107b316\" data-element_type=\"container\" data-e-type=\"container\">\t\t\t<div class=\"e-con-inner\">\r\n\t\t\t\t<div class=\"elementor-element elementor-element-6b5d0be elementor-widget elementor-widget-image\" data-id=\"6b5d0be\" data-element_type=\"widget\" data-e-type=\"widget\" data-widget_type=\"image.default\">\n\t\t\t\t\t\t\t\t\t\t\t\t\t\t\t<img loading=\"lazy\" decoding=\"async\" width=\"175\" height=\"179\" src=\"https:\/\/tradeintr.com\/wp-content\/uploads\/2026\/02\/g.png\" class=\"attachment-large size-large wp-image-20360\" alt=\"\" \/>\t\t\t\t\t\t\t\t\t\t\t\t\t\t\t<\/div>\n\t\t\t\t<div class=\"elementor-element elementor-element-544e0e0 elementor-widget elementor-widget-image\" data-id=\"544e0e0\" data-element_type=\"widget\" data-e-type=\"widget\" data-widget_type=\"image.default\">\n\t\t\t\t\t\t\t\t\t\t\t\t\t\t\t<img loading=\"lazy\" decoding=\"async\" width=\"1024\" height=\"374\" src=\"https:\/\/tradeintr.com\/wp-content\/uploads\/2026\/05\/LogoBioSseguranca.png\" class=\"attachment-large size-large wp-image-20737\" alt=\"\" srcset=\"https:\/\/tradeintr.com\/wp-content\/uploads\/2026\/05\/LogoBioSseguranca.png 1200w, https:\/\/tradeintr.com\/wp-content\/uploads\/2026\/05\/LogoBioSseguranca-300x110.png 300w, https:\/\/tradeintr.com\/wp-content\/uploads\/2026\/05\/LogoBioSseguranca-1024x374.png 1024w, https:\/\/tradeintr.com\/wp-content\/uploads\/2026\/05\/LogoBioSseguranca-768x280.png 768w, https:\/\/tradeintr.com\/wp-content\/uploads\/2026\/05\/LogoBioSseguranca-18x7.png 18w, https:\/\/tradeintr.com\/wp-content\/uploads\/2026\/05\/LogoBioSseguranca-1170x427.png 1170w\" sizes=\"(max-width: 1024px) 100vw, 1024px\" \/>\t\t\t\t\t\t\t\t\t\t\t\t\t\t\t<\/div>\n\t\t\t\t\t<\/div>\r\n\t\t\t\t<\/div>\r\n\t\t            <\/div>\r\n        <\/div>\r\n                <div class=\"elementor-column elementor-col-20 elementor-top-column elementor-element elementor-element-ea315ff hv-dvd pxl-column-none pxl-column-overflow-hidden-no\" data-id=\"ea315ff\" data-element_type=\"column\" data-e-type=\"column\">\r\n        <div class=\"elementor-widget-wrap elementor-element-populated\">\r\n                     \r\n        <div class=\"elementor-element elementor-element-6af3264 card-drones e-flex e-con-boxed e-con e-parent\" data-id=\"6af3264\" data-element_type=\"container\" data-e-type=\"container\">\t\t\t<div class=\"e-con-inner\">\r\n\t\t\t\t<div class=\"elementor-element elementor-element-524b0e4 elementor-widget elementor-widget-image\" data-id=\"524b0e4\" data-element_type=\"widget\" data-e-type=\"widget\" data-widget_type=\"image.default\">\n\t\t\t\t\t\t\t\t\t\t\t\t\t\t\t<img loading=\"lazy\" decoding=\"async\" width=\"175\" height=\"179\" src=\"https:\/\/tradeintr.com\/wp-content\/uploads\/2026\/02\/Untitled-5-copy-copiar.png\" class=\"attachment-large size-large wp-image-20361\" alt=\"\" \/>\t\t\t\t\t\t\t\t\t\t\t\t\t\t\t<\/div>\n\t\t\t\t<div class=\"elementor-element elementor-element-6525def elementor-widget elementor-widget-image\" data-id=\"6525def\" data-element_type=\"widget\" data-e-type=\"widget\" data-widget_type=\"image.default\">\n\t\t\t\t\t\t\t\t\t\t\t\t\t\t\t<img loading=\"lazy\" decoding=\"async\" width=\"1024\" height=\"374\" src=\"https:\/\/tradeintr.com\/wp-content\/uploads\/2026\/05\/Imagem4.png\" class=\"attachment-large size-large wp-image-19477\" alt=\"COLOR - Inspec\u00e7\u00f5es com Drones\" srcset=\"https:\/\/tradeintr.com\/wp-content\/uploads\/2026\/05\/Imagem4.png 146w, https:\/\/tradeintr.com\/wp-content\/uploads\/2026\/05\/Imagem4-18x7.png 18w\" sizes=\"(max-width: 1024px) 100vw, 1024px\" \/>\t\t\t\t\t\t\t\t\t\t\t\t\t\t\t<\/div>\n\t\t\t\t\t<\/div>\r\n\t\t\t\t<\/div>\r\n\t\t            <\/div>\r\n        <\/div>\r\n        \t\t\t<\/div>\n\t\t<\/section>\n\t\t\t\t<\/div>\n\t\t\n    <div class=\"xs_social_share_widget xs_share_url after_content \t\tmain_content  wslu-style-1 wslu-share-box-shaped wslu-fill-colored wslu-none wslu-share-horizontal wslu-theme-font-no wslu-main_content\">\n\n\t\t\n        <ul>\n\t\t\t        <\/ul>\n    <\/div>","protected":false},"excerpt":{"rendered":"<p>Nossos Neg\u00f3cios Oferecemos servi\u00e7os especializados com foco em qualidade, efici\u00eancia e resultados concretos. Explore a nossa Expertise Os nossos servi\u00e7os Providenciamos os melhores servi\u00e7os, garantindo o crescimento dos nossos parceiros<\/p>","protected":false},"author":1,"featured_media":0,"parent":0,"menu_order":0,"comment_status":"closed","ping_status":"closed","template":"","meta":{"postBodyCss":"","postBodyMargin":[],"postBodyPadding":[],"postBodyBackground":{"backgroundType":"classic","gradient":""},"footnotes":""},"class_list":["post-198","page","type-page","status-publish","hentry"],"_links":{"self":[{"href":"https:\/\/tradeintr.com\/en\/wp-json\/wp\/v2\/pages\/198","targetHints":{"allow":["GET"]}}],"collection":[{"href":"https:\/\/tradeintr.com\/en\/wp-json\/wp\/v2\/pages"}],"about":[{"href":"https:\/\/tradeintr.com\/en\/wp-json\/wp\/v2\/types\/page"}],"author":[{"embeddable":true,"href":"https:\/\/tradeintr.com\/en\/wp-json\/wp\/v2\/users\/1"}],"replies":[{"embeddable":true,"href":"https:\/\/tradeintr.com\/en\/wp-json\/wp\/v2\/comments?post=198"}],"version-history":[{"count":248,"href":"https:\/\/tradeintr.com\/en\/wp-json\/wp\/v2\/pages\/198\/revisions"}],"predecessor-version":[{"id":20759,"href":"https:\/\/tradeintr.com\/en\/wp-json\/wp\/v2\/pages\/198\/revisions\/20759"}],"wp:attachment":[{"href":"https:\/\/tradeintr.com\/en\/wp-json\/wp\/v2\/media?parent=198"}],"curies":[{"name":"wp","href":"https:\/\/api.w.org\/{rel}","templated":true}]}}